{"id":964,"date":"2025-12-16T14:54:27","date_gmt":"2025-12-16T14:54:27","guid":{"rendered":"https:\/\/ropealchemy.com\/services\/"},"modified":"2026-01-21T13:10:12","modified_gmt":"2026-01-21T13:10:12","slug":"services","status":"publish","type":"page","link":"https:\/\/ropealchemy.com\/sv\/services\/","title":{"rendered":"V\u00e5ra tj\u00e4nster"},"content":{"rendered":"<div class=\"wp-block-group\"><div class=\"wp-block-group__inner-container is-layout-constrained wp-block-group-is-layout-constrained\">\n<p>Hittar du ingen upplevelse som motsvarar vad du dr\u00f6mmer om? Skriv till oss! Vi vill g\u00e4rna h\u00f6ra fr\u00e5n dig och hj\u00e4lpa till att f\u00f6rverkliga din id\u00e9. Kanske \u00e4r det en magisk fotografering p\u00e5 plats i din tr\u00e4dg\u00e5rd, vid det d\u00e4r fantastiska vattendraget du hittade, vid det speciella tr\u00e4det d\u00e4r v\u00e4rlden k\u00e4nns som att den saktar ner en aning eller med dina partners\/kompisg\u00e4ng.&nbsp;<\/p>\n\n\n\n<p>Har du en s\u00e4rskild dag p\u00e5 g? F\u00f6delsedag, \u00e5rsdagar eller kanske br\u00f6llop? Fira med ett s\u00e4rskilt minne, att dela med dina n\u00e4ra och k\u00e4ra, att b\u00e4ra n\u00e4ra hj\u00e4rtat eller varf\u00f6r inte visa v\u00e4rlden? \nVi hj\u00e4lper \u00e4ven till med portr\u00e4tt och gruppbilder i vanilj och kinky-sammanhang. Beh\u00f6ver f\u00f6reningshemsidan, sociala medier eller dylikt ett lyft? F\u00f6r oss \u00e4r din catsuit eller annat uttryck fantastiskt att f\u00e5 avbilda!&nbsp;<\/p>\n\n\n\n<div class=\"wp-block-buttons is-layout-flex wp-block-buttons-is-layout-flex\">\n<div class=\"wp-block-button\"><a class=\"wp-block-button__link has-text-align-center wp-element-button\" href=\"https:\/\/ropealchemy.com\/sv\/contact\/\">Kontakta oss<\/a><\/div>\n<\/div>\n<\/div><\/div>","protected":false},"excerpt":{"rendered":"<p>Can&#8217;t&nbsp;find any experience that resonates with you?&nbsp;Write&nbsp;us! We love to hear from you and help make your dream come to life. Whether that is a&nbsp;magical on&nbsp;location shoot in your backyard,&nbsp;that amazing body of water you found or that special tree where you feel the world slows down a little.&nbsp; Do you have a special day &#8230; <a title=\"V\u00e5ra tj\u00e4nster\" class=\"read-more\" href=\"https:\/\/ropealchemy.com\/sv\/services\/\" aria-label=\"L\u00e4s mer om Services\">L\u00e4s mer<\/a><\/p>","protected":false},"author":1,"featured_media":0,"parent":0,"menu_order":0,"comment_status":"closed","ping_status":"closed","template":"","meta":{"footnotes":""},"class_list":["post-964","page","type-page","status-publish"],"_hostinger_reach_plugin_has_subscription_block":false,"_hostinger_reach_plugin_is_elementor":false,"_links":{"self":[{"href":"https:\/\/ropealchemy.com\/sv\/wp-json\/wp\/v2\/pages\/964","targetHints":{"allow":["GET"]}}],"collection":[{"href":"https:\/\/ropealchemy.com\/sv\/wp-json\/wp\/v2\/pages"}],"about":[{"href":"https:\/\/ropealchemy.com\/sv\/wp-json\/wp\/v2\/types\/page"}],"author":[{"embeddable":true,"href":"https:\/\/ropealchemy.com\/sv\/wp-json\/wp\/v2\/users\/1"}],"replies":[{"embeddable":true,"href":"https:\/\/ropealchemy.com\/sv\/wp-json\/wp\/v2\/comments?post=964"}],"version-history":[{"count":5,"href":"https:\/\/ropealchemy.com\/sv\/wp-json\/wp\/v2\/pages\/964\/revisions"}],"predecessor-version":[{"id":3013,"href":"https:\/\/ropealchemy.com\/sv\/wp-json\/wp\/v2\/pages\/964\/revisions\/3013"}],"wp:attachment":[{"href":"https:\/\/ropealchemy.com\/sv\/wp-json\/wp\/v2\/media?parent=964"}],"curies":[{"name":"wp","href":"https:\/\/api.w.org\/{rel}","templated":true}]}}