{"id":962,"date":"2025-12-16T14:54:27","date_gmt":"2025-12-16T14:54:27","guid":{"rendered":"https:\/\/ropealchemy.com\/about\/"},"modified":"2026-01-24T13:13:07","modified_gmt":"2026-01-24T13:13:07","slug":"about","status":"publish","type":"page","link":"https:\/\/ropealchemy.com\/sv\/about\/","title":{"rendered":"Om oss"},"content":{"rendered":"<div class=\"wp-block-group\"><div class=\"wp-block-group__inner-container is-layout-constrained wp-block-group-is-layout-constrained\">\n<div class=\"wp-block-columns is-layout-flex wp-container-core-columns-is-layout-9d6595d7 wp-block-columns-is-layout-flex\">\n<div class=\"wp-block-column is-layout-flow wp-block-column-is-layout-flow\">\n<figure class=\"wp-block-image size-full\"><img loading=\"lazy\" decoding=\"async\" width=\"2048\" height=\"1363\" src=\"https:\/\/ropealchemy.com\/wp-content\/uploads\/2026\/01\/MIC0338.jpg\" alt=\" mic0338\" class=\"wp-image-2629\" title=\"Om oss\" srcset=\"https:\/\/ropealchemy.com\/wp-content\/uploads\/2026\/01\/MIC0338.jpg 2048w, https:\/\/ropealchemy.com\/wp-content\/uploads\/2026\/01\/MIC0338-300x200.jpg 300w, https:\/\/ropealchemy.com\/wp-content\/uploads\/2026\/01\/MIC0338-1024x682.jpg 1024w, https:\/\/ropealchemy.com\/wp-content\/uploads\/2026\/01\/MIC0338-768x511.jpg 768w, https:\/\/ropealchemy.com\/wp-content\/uploads\/2026\/01\/MIC0338-1536x1022.jpg 1536w, https:\/\/ropealchemy.com\/wp-content\/uploads\/2026\/01\/MIC0338-600x399.jpg 600w\" sizes=\"auto, (max-width: 2048px) 100vw, 2048px\" \/><\/figure>\n<\/div>\n\n\n\n<div class=\"wp-block-column is-layout-flow wp-block-column-is-layout-flow\">\n<h2 class=\"wp-block-heading\">Om oss<\/h2>\n\n\n\n<p>Vi \u00e4r tv\u00e5 repentusiaster som \u00e4lskar att skapa tillsammans. Vi kompletterar varandra v\u00e4l, d\u00e4r helheten \u00e4r st\u00f6rre \u00e4n summan av delarna.\u00a0<\/p>\n\n\n\n<p>Vi tycker genuint om att hj\u00e4lpa andra att utforska olika aspekter av rep och sig sj\u00e4lva. Det kan handla om att hitta nya sidor av sig sj\u00e4lva genom professionellt fotografi, uppleva intensiteten och harmonin i att bli bunden, eller att st\u00f6dja andra i sitt eget utforskande med verktyg av h\u00f6g kvalitet och ny kunskap.&nbsp;<\/p>\n\n\n\n<p>Vi har knytit tillsammans i n\u00e5gra \u00e5r och har nyligen uppt\u00e4ckt att vi ocks\u00e5 fungerar mycket bra som co-riggers. V\u00e5r nyfikenhet och vilja att utforska \u00e4r v\u00e5r v\u00e4gvisare i repen.&nbsp;<\/p>\n\n\n\n<p>Han&nbsp;<\/p>\n\n\n\n<p>Han \u00e4r en prisbel\u00f6nt och publicerad fotograf som har fotat fine art nude, boudoir, bodyscape, portr\u00e4tt med mera i \u00f6ver femton \u00e5r. Han har undervisat i b\u00e5de somatiska praktiker samt fotografi och efterbearbetning i Photoshop under m\u00e5nga \u00e5r. De senaste \u00e5ren har han lagt sitt sinne f\u00f6r detaljer och sin noggrannhet p\u00e5 att l\u00e4ra sig olika aspekter av rep.&nbsp;<\/p>\n\n\n\n<p>Hon&nbsp;<\/p>\n\n\n\n<p>Hon har sj\u00e4lvknytit i \u00f6ver ett decennium och \u00e4r en rope switch. Hon finner gl\u00e4dje i repets olika sidor \u2013 estetik, kontakt, teknikn\u00f6rderi och materialkunskap. Hon har en formell utbildning inom bild-, fiber-, filmkonst, arkitektur och litteratur som har format hennes estetiska blick. Hon \u00e4lskar hur det vardagliga bleknar i rep och hur det sinnestillst\u00e5nd vi skapar tillsammans bildar en sk\u00f6r ber\u00e4ttelse i stunden.&nbsp;<\/p>\n<\/div>\n<\/div>\n<\/div><\/div>","protected":false},"excerpt":{"rendered":"<p>About us We are two\u00a0rope loving\u00a0enthusiasts who love to create together. We complement each other very well, where the whole is greater than the pieces.\u00a0 We genuinely enjoy helping others explore&nbsp;different aspects&nbsp;of rope. This includes seeing new sides of themselves in professional photography, the intensity and harmony of being tied and to help them explore &#8230; <a title=\"Om oss\" class=\"read-more\" href=\"https:\/\/ropealchemy.com\/sv\/about\/\" aria-label=\"L\u00e4s mer om About\">L\u00e4s mer<\/a><\/p>","protected":false},"author":1,"featured_media":0,"parent":0,"menu_order":0,"comment_status":"closed","ping_status":"closed","template":"","meta":{"footnotes":""},"class_list":["post-962","page","type-page","status-publish"],"_hostinger_reach_plugin_has_subscription_block":false,"_hostinger_reach_plugin_is_elementor":false,"_links":{"self":[{"href":"https:\/\/ropealchemy.com\/sv\/wp-json\/wp\/v2\/pages\/962","targetHints":{"allow":["GET"]}}],"collection":[{"href":"https:\/\/ropealchemy.com\/sv\/wp-json\/wp\/v2\/pages"}],"about":[{"href":"https:\/\/ropealchemy.com\/sv\/wp-json\/wp\/v2\/types\/page"}],"author":[{"embeddable":true,"href":"https:\/\/ropealchemy.com\/sv\/wp-json\/wp\/v2\/users\/1"}],"replies":[{"embeddable":true,"href":"https:\/\/ropealchemy.com\/sv\/wp-json\/wp\/v2\/comments?post=962"}],"version-history":[{"count":11,"href":"https:\/\/ropealchemy.com\/sv\/wp-json\/wp\/v2\/pages\/962\/revisions"}],"predecessor-version":[{"id":3133,"href":"https:\/\/ropealchemy.com\/sv\/wp-json\/wp\/v2\/pages\/962\/revisions\/3133"}],"wp:attachment":[{"href":"https:\/\/ropealchemy.com\/sv\/wp-json\/wp\/v2\/media?parent=962"}],"curies":[{"name":"wp","href":"https:\/\/api.w.org\/{rel}","templated":true}]}}