{"id":3277,"date":"2026-02-02T08:28:46","date_gmt":"2026-02-02T08:28:46","guid":{"rendered":"https:\/\/ropealchemy.com\/?page_id=3277"},"modified":"2026-02-02T08:28:48","modified_gmt":"2026-02-02T08:28:48","slug":"f-a-q","status":"publish","type":"page","link":"https:\/\/ropealchemy.com\/sv\/f-a-q\/","title":{"rendered":"F.A.Q"},"content":{"rendered":"<div class=\"wp-block-group\"><div class=\"wp-block-group__inner-container is-layout-constrained wp-block-group-is-layout-constrained\">\n<ul class=\"wp-block-list\">\n<li>Vad \u00e4r shibari? Shibari \u00e4r ursprungligen en japansk form av repbindning. Ordet betyder bokstavligen \u201catt binda\u201d.<\/li>\n\n\n\n<li>Kan jag ta med mig n\u00e5gon? Sj\u00e4lvklart. Din trygghet \u00e4r v\u00e5r prioritet.<\/li>\n\n\n\n<li>Vad kostar det? Ta kontakt och beskriv vad du \u00f6nskar s\u00e5 pratar vi om det. V\u00e4lkommen!<\/li>\n\n\n\n<li>Hur l\u00e5ng tid tar det? Beror helt p\u00e5 vad du \u00f6nskar, ta kontakt s\u00e5 hj\u00e4lps vi \u00e5t att ta fram ett erbjudande till dig.<\/li>\n\n\n\n<li>Beh\u00f6ver jag vara naken? Nej, du best\u00e4mmer sj\u00e4lv!<\/li>\n<\/ul>\n<\/div><\/div>","protected":false},"excerpt":{"rendered":"","protected":false},"author":1,"featured_media":0,"parent":0,"menu_order":0,"comment_status":"closed","ping_status":"closed","template":"","meta":{"footnotes":""},"class_list":["post-3277","page","type-page","status-publish"],"_hostinger_reach_plugin_has_subscription_block":false,"_hostinger_reach_plugin_is_elementor":false,"_links":{"self":[{"href":"https:\/\/ropealchemy.com\/sv\/wp-json\/wp\/v2\/pages\/3277","targetHints":{"allow":["GET"]}}],"collection":[{"href":"https:\/\/ropealchemy.com\/sv\/wp-json\/wp\/v2\/pages"}],"about":[{"href":"https:\/\/ropealchemy.com\/sv\/wp-json\/wp\/v2\/types\/page"}],"author":[{"embeddable":true,"href":"https:\/\/ropealchemy.com\/sv\/wp-json\/wp\/v2\/users\/1"}],"replies":[{"embeddable":true,"href":"https:\/\/ropealchemy.com\/sv\/wp-json\/wp\/v2\/comments?post=3277"}],"version-history":[{"count":1,"href":"https:\/\/ropealchemy.com\/sv\/wp-json\/wp\/v2\/pages\/3277\/revisions"}],"predecessor-version":[{"id":3278,"href":"https:\/\/ropealchemy.com\/sv\/wp-json\/wp\/v2\/pages\/3277\/revisions\/3278"}],"wp:attachment":[{"href":"https:\/\/ropealchemy.com\/sv\/wp-json\/wp\/v2\/media?parent=3277"}],"curies":[{"name":"wp","href":"https:\/\/api.w.org\/{rel}","templated":true}]}}