{"id":3093,"date":"2026-01-24T11:46:29","date_gmt":"2026-01-24T11:46:29","guid":{"rendered":"https:\/\/ropealchemy.com\/?page_id=3093"},"modified":"2026-01-27T17:10:28","modified_gmt":"2026-01-27T17:10:28","slug":"gallery-couples","status":"publish","type":"page","link":"https:\/\/ropealchemy.com\/sv\/gallery-couples\/","title":{"rendered":"Gallery-Couples"},"content":{"rendered":"<div class=\"wp-block-group narrow-group\"><div class=\"wp-block-group__inner-container is-layout-constrained wp-block-group-is-layout-constrained\">\n<h2 class=\"wp-block-heading has-text-align-center\">Couples<\/h2>\n\n\n\n<p class=\"has-text-align-center\">Ett urval av intima parportr\u00e4tt som utforskar kontakt, tillit och delad n\u00e4rvaro.\nSessionerna kan inkludera shibari eller er dynamik \u2013 d\u00e4r varje pars unika uttryck och \u00f6nskningar f\u00e5r v\u00e4gleda uttrycket.<br>Sessionerna kan inkludera shibari, varsam fasth\u00e5llning eller ingen repanv\u00e4ndning alls \u2013 d\u00e4r varje pars dynamik f\u00e5r v\u00e4gleda uttrycket.<\/p>\n\n\n\n<p class=\"has-text-align-center\">Varje bild skapas genom samarbete, samtycke och lyh\u00f6rd praktik, med utrymme f\u00f6r n\u00e4rhet, s\u00e5rbarhet och autentisk interaktion.<\/p>\n\n\n\n<figure class=\"wp-block-gallery aligncenter has-nested-images columns-2 is-cropped wp-block-gallery-1 is-layout-flex wp-block-gallery-is-layout-flex\">\n<figure class=\"wp-block-image size-full\"><a href=\"https:\/\/ropealchemy.com\/wp-content\/uploads\/2026\/01\/MIC0128-Edit.jpg\" data-rel=\"lightbox-image-0\" data-rl_title=\"\" data-rl_caption=\"\" title=\"\"><img loading=\"lazy\" decoding=\"async\" width=\"1527\" height=\"2048\" data-id=\"3108\" src=\"https:\/\/ropealchemy.com\/wp-content\/uploads\/2026\/01\/MIC0128-Edit.jpg\" alt=\" mic0128 edit\" class=\"wp-image-3108\" title=\"Gallery-Couples\" srcset=\"https:\/\/ropealchemy.com\/wp-content\/uploads\/2026\/01\/MIC0128-Edit.jpg 1527w, https:\/\/ropealchemy.com\/wp-content\/uploads\/2026\/01\/MIC0128-Edit-224x300.jpg 224w, https:\/\/ropealchemy.com\/wp-content\/uploads\/2026\/01\/MIC0128-Edit-764x1024.jpg 764w, https:\/\/ropealchemy.com\/wp-content\/uploads\/2026\/01\/MIC0128-Edit-768x1030.jpg 768w, https:\/\/ropealchemy.com\/wp-content\/uploads\/2026\/01\/MIC0128-Edit-1145x1536.jpg 1145w, https:\/\/ropealchemy.com\/wp-content\/uploads\/2026\/01\/MIC0128-Edit-600x805.jpg 600w\" sizes=\"auto, (max-width: 1527px) 100vw, 1527px\" \/><\/a><\/figure>\n\n\n\n<figure class=\"wp-block-image size-full\"><a href=\"https:\/\/ropealchemy.com\/wp-content\/uploads\/2026\/01\/MIC2344.jpg\" data-rel=\"lightbox-image-1\" data-rl_title=\"\" data-rl_caption=\"\" title=\"\"><img loading=\"lazy\" decoding=\"async\" width=\"1629\" height=\"2048\" data-id=\"3099\" src=\"https:\/\/ropealchemy.com\/wp-content\/uploads\/2026\/01\/MIC2344.jpg\" alt=\" mic2344\" class=\"wp-image-3099\" title=\"Gallery-Couples\" srcset=\"https:\/\/ropealchemy.com\/wp-content\/uploads\/2026\/01\/MIC2344.jpg 1629w, https:\/\/ropealchemy.com\/wp-content\/uploads\/2026\/01\/MIC2344-239x300.jpg 239w, https:\/\/ropealchemy.com\/wp-content\/uploads\/2026\/01\/MIC2344-815x1024.jpg 815w, https:\/\/ropealchemy.com\/wp-content\/uploads\/2026\/01\/MIC2344-768x966.jpg 768w, https:\/\/ropealchemy.com\/wp-content\/uploads\/2026\/01\/MIC2344-1222x1536.jpg 1222w, https:\/\/ropealchemy.com\/wp-content\/uploads\/2026\/01\/MIC2344-600x754.jpg 600w\" sizes=\"auto, (max-width: 1629px) 100vw, 1629px\" \/><\/a><\/figure>\n\n\n\n<figure class=\"wp-block-image size-full\"><a href=\"https:\/\/ropealchemy.com\/wp-content\/uploads\/2026\/01\/MIC3325-Edit.jpg\" data-rel=\"lightbox-image-2\" data-rl_title=\"\" data-rl_caption=\"\" title=\"\"><img loading=\"lazy\" decoding=\"async\" width=\"2048\" height=\"1363\" data-id=\"3122\" src=\"https:\/\/ropealchemy.com\/wp-content\/uploads\/2026\/01\/MIC3325-Edit.jpg\" alt=\" mic3325 edit\" class=\"wp-image-3122\" title=\"Gallery-Couples\" srcset=\"https:\/\/ropealchemy.com\/wp-content\/uploads\/2026\/01\/MIC3325-Edit.jpg 2048w, https:\/\/ropealchemy.com\/wp-content\/uploads\/2026\/01\/MIC3325-Edit-300x200.jpg 300w, https:\/\/ropealchemy.com\/wp-content\/uploads\/2026\/01\/MIC3325-Edit-1024x682.jpg 1024w, https:\/\/ropealchemy.com\/wp-content\/uploads\/2026\/01\/MIC3325-Edit-768x511.jpg 768w, https:\/\/ropealchemy.com\/wp-content\/uploads\/2026\/01\/MIC3325-Edit-1536x1022.jpg 1536w, https:\/\/ropealchemy.com\/wp-content\/uploads\/2026\/01\/MIC3325-Edit-600x399.jpg 600w\" sizes=\"auto, (max-width: 2048px) 100vw, 2048px\" \/><\/a><\/figure>\n<\/figure>\n\n\n\n<div style=\"height:7px\" aria-hidden=\"true\" class=\"wp-block-spacer\"><\/div>\n\n\n\n<figure class=\"wp-block-gallery has-nested-images columns-default is-cropped wp-block-gallery-2 is-layout-flex wp-block-gallery-is-layout-flex\">\n<figure class=\"wp-block-image size-full\"><a href=\"https:\/\/ropealchemy.com\/wp-content\/uploads\/2026\/01\/MIC7065-Edit-2.jpg\" data-rel=\"lightbox-image-3\" data-rl_title=\"\" data-rl_caption=\"\" title=\"\"><img loading=\"lazy\" decoding=\"async\" width=\"2048\" height=\"1463\" data-id=\"3113\" src=\"https:\/\/ropealchemy.com\/wp-content\/uploads\/2026\/01\/MIC7065-Edit-2.jpg\" alt=\" mic7065 edit 2\" class=\"wp-image-3113\" title=\"Gallery-Couples\" srcset=\"https:\/\/ropealchemy.com\/wp-content\/uploads\/2026\/01\/MIC7065-Edit-2.jpg 2048w, https:\/\/ropealchemy.com\/wp-content\/uploads\/2026\/01\/MIC7065-Edit-2-300x214.jpg 300w, https:\/\/ropealchemy.com\/wp-content\/uploads\/2026\/01\/MIC7065-Edit-2-1024x732.jpg 1024w, https:\/\/ropealchemy.com\/wp-content\/uploads\/2026\/01\/MIC7065-Edit-2-768x549.jpg 768w, https:\/\/ropealchemy.com\/wp-content\/uploads\/2026\/01\/MIC7065-Edit-2-1536x1097.jpg 1536w, https:\/\/ropealchemy.com\/wp-content\/uploads\/2026\/01\/MIC7065-Edit-2-600x429.jpg 600w\" sizes=\"auto, (max-width: 2048px) 100vw, 2048px\" \/><\/a><\/figure>\n<\/figure>\n\n\n\n<div style=\"height:7px\" aria-hidden=\"true\" class=\"wp-block-spacer\"><\/div>\n\n\n\n<figure class=\"wp-block-gallery has-nested-images columns-2 is-cropped wp-block-gallery-3 is-layout-flex wp-block-gallery-is-layout-flex\">\n<figure class=\"wp-block-image size-full\"><a href=\"https:\/\/ropealchemy.com\/wp-content\/uploads\/2026\/01\/IMG_6561.jpeg\" data-rel=\"lightbox-image-4\" data-rl_title=\"\" data-rl_caption=\"\" title=\"\"><img loading=\"lazy\" decoding=\"async\" width=\"1970\" height=\"2048\" data-id=\"2880\" src=\"https:\/\/ropealchemy.com\/wp-content\/uploads\/2026\/01\/IMG_6561.jpeg\" alt=\"img 6561\" class=\"wp-image-2880\" title=\"Gallery-Couples\" srcset=\"https:\/\/ropealchemy.com\/wp-content\/uploads\/2026\/01\/IMG_6561.jpeg 1970w, https:\/\/ropealchemy.com\/wp-content\/uploads\/2026\/01\/IMG_6561-289x300.jpeg 289w, https:\/\/ropealchemy.com\/wp-content\/uploads\/2026\/01\/IMG_6561-985x1024.jpeg 985w, https:\/\/ropealchemy.com\/wp-content\/uploads\/2026\/01\/IMG_6561-768x798.jpeg 768w, https:\/\/ropealchemy.com\/wp-content\/uploads\/2026\/01\/IMG_6561-1478x1536.jpeg 1478w, https:\/\/ropealchemy.com\/wp-content\/uploads\/2026\/01\/IMG_6561-600x624.jpeg 600w\" sizes=\"auto, (max-width: 1970px) 100vw, 1970px\" \/><\/a><\/figure>\n\n\n\n<figure class=\"wp-block-image size-full\"><a href=\"https:\/\/ropealchemy.com\/wp-content\/uploads\/2026\/01\/MIC2117-Edit.jpg\" data-rel=\"lightbox-image-5\" data-rl_title=\"\" data-rl_caption=\"\" title=\"\"><img loading=\"lazy\" decoding=\"async\" width=\"1626\" height=\"2048\" data-id=\"3103\" src=\"https:\/\/ropealchemy.com\/wp-content\/uploads\/2026\/01\/MIC2117-Edit.jpg\" alt=\" mic2117 edit\" class=\"wp-image-3103\" title=\"Gallery-Couples\" srcset=\"https:\/\/ropealchemy.com\/wp-content\/uploads\/2026\/01\/MIC2117-Edit.jpg 1626w, https:\/\/ropealchemy.com\/wp-content\/uploads\/2026\/01\/MIC2117-Edit-238x300.jpg 238w, https:\/\/ropealchemy.com\/wp-content\/uploads\/2026\/01\/MIC2117-Edit-813x1024.jpg 813w, https:\/\/ropealchemy.com\/wp-content\/uploads\/2026\/01\/MIC2117-Edit-768x967.jpg 768w, https:\/\/ropealchemy.com\/wp-content\/uploads\/2026\/01\/MIC2117-Edit-1220x1536.jpg 1220w, https:\/\/ropealchemy.com\/wp-content\/uploads\/2026\/01\/MIC2117-Edit-600x756.jpg 600w\" sizes=\"auto, (max-width: 1626px) 100vw, 1626px\" \/><\/a><\/figure>\n\n\n\n<figure class=\"wp-block-image size-full\"><a href=\"https:\/\/ropealchemy.com\/wp-content\/uploads\/2026\/01\/MIC4425.jpeg\" data-rel=\"lightbox-image-6\" data-rl_title=\"\" data-rl_caption=\"\" title=\"\"><img loading=\"lazy\" decoding=\"async\" width=\"1773\" height=\"2048\" data-id=\"3110\" src=\"https:\/\/ropealchemy.com\/wp-content\/uploads\/2026\/01\/MIC4425.jpeg\" alt=\" mic4425\" class=\"wp-image-3110\" title=\"Gallery-Couples\" srcset=\"https:\/\/ropealchemy.com\/wp-content\/uploads\/2026\/01\/MIC4425.jpeg 1773w, https:\/\/ropealchemy.com\/wp-content\/uploads\/2026\/01\/MIC4425-260x300.jpeg 260w, https:\/\/ropealchemy.com\/wp-content\/uploads\/2026\/01\/MIC4425-887x1024.jpeg 887w, https:\/\/ropealchemy.com\/wp-content\/uploads\/2026\/01\/MIC4425-768x887.jpeg 768w, https:\/\/ropealchemy.com\/wp-content\/uploads\/2026\/01\/MIC4425-1330x1536.jpeg 1330w, https:\/\/ropealchemy.com\/wp-content\/uploads\/2026\/01\/MIC4425-600x693.jpeg 600w\" sizes=\"auto, (max-width: 1773px) 100vw, 1773px\" \/><\/a><\/figure>\n\n\n\n<figure class=\"wp-block-image size-full\"><a href=\"https:\/\/ropealchemy.com\/wp-content\/uploads\/2026\/01\/MIC8153-Edit.jpg\" data-rel=\"lightbox-image-7\" data-rl_title=\"\" data-rl_caption=\"\" title=\"\"><img loading=\"lazy\" decoding=\"async\" width=\"1751\" height=\"2048\" data-id=\"3105\" src=\"https:\/\/ropealchemy.com\/wp-content\/uploads\/2026\/01\/MIC8153-Edit.jpg\" alt=\" mic8153 edit\" class=\"wp-image-3105\" title=\"Gallery-Couples\" srcset=\"https:\/\/ropealchemy.com\/wp-content\/uploads\/2026\/01\/MIC8153-Edit.jpg 1751w, https:\/\/ropealchemy.com\/wp-content\/uploads\/2026\/01\/MIC8153-Edit-256x300.jpg 256w, https:\/\/ropealchemy.com\/wp-content\/uploads\/2026\/01\/MIC8153-Edit-876x1024.jpg 876w, https:\/\/ropealchemy.com\/wp-content\/uploads\/2026\/01\/MIC8153-Edit-768x898.jpg 768w, https:\/\/ropealchemy.com\/wp-content\/uploads\/2026\/01\/MIC8153-Edit-1313x1536.jpg 1313w, https:\/\/ropealchemy.com\/wp-content\/uploads\/2026\/01\/MIC8153-Edit-600x702.jpg 600w\" sizes=\"auto, (max-width: 1751px) 100vw, 1751px\" \/><\/a><\/figure>\n\n\n\n<figure class=\"wp-block-image size-full\"><a href=\"https:\/\/ropealchemy.com\/wp-content\/uploads\/2026\/01\/MIC4167-Edit.jpg\" data-rel=\"lightbox-image-8\" data-rl_title=\"\" data-rl_caption=\"\" title=\"\"><img loading=\"lazy\" decoding=\"async\" width=\"2048\" height=\"1463\" data-id=\"3115\" src=\"https:\/\/ropealchemy.com\/wp-content\/uploads\/2026\/01\/MIC4167-Edit.jpg\" alt=\" mic4167 edit\" class=\"wp-image-3115\" title=\"Gallery-Couples\" srcset=\"https:\/\/ropealchemy.com\/wp-content\/uploads\/2026\/01\/MIC4167-Edit.jpg 2048w, https:\/\/ropealchemy.com\/wp-content\/uploads\/2026\/01\/MIC4167-Edit-300x214.jpg 300w, https:\/\/ropealchemy.com\/wp-content\/uploads\/2026\/01\/MIC4167-Edit-1024x732.jpg 1024w, https:\/\/ropealchemy.com\/wp-content\/uploads\/2026\/01\/MIC4167-Edit-768x549.jpg 768w, https:\/\/ropealchemy.com\/wp-content\/uploads\/2026\/01\/MIC4167-Edit-1536x1097.jpg 1536w, https:\/\/ropealchemy.com\/wp-content\/uploads\/2026\/01\/MIC4167-Edit-600x429.jpg 600w\" sizes=\"auto, (max-width: 2048px) 100vw, 2048px\" \/><\/a><\/figure>\n<\/figure>\n\n\n\n<div style=\"height:7px\" aria-hidden=\"true\" class=\"wp-block-spacer\"><\/div>\n\n\n\n<figure class=\"wp-block-gallery has-nested-images columns-default is-cropped wp-block-gallery-4 is-layout-flex wp-block-gallery-is-layout-flex\">\n<figure class=\"wp-block-image size-full\"><a href=\"https:\/\/ropealchemy.com\/wp-content\/uploads\/2026\/01\/MIC2318.jpg\" data-rel=\"lightbox-image-9\" data-rl_title=\"\" data-rl_caption=\"\" title=\"\"><img loading=\"lazy\" decoding=\"async\" width=\"2048\" height=\"1429\" data-id=\"3101\" src=\"https:\/\/ropealchemy.com\/wp-content\/uploads\/2026\/01\/MIC2318.jpg\" alt=\" mic2318\" class=\"wp-image-3101\" title=\"Gallery-Couples\" srcset=\"https:\/\/ropealchemy.com\/wp-content\/uploads\/2026\/01\/MIC2318.jpg 2048w, https:\/\/ropealchemy.com\/wp-content\/uploads\/2026\/01\/MIC2318-300x209.jpg 300w, https:\/\/ropealchemy.com\/wp-content\/uploads\/2026\/01\/MIC2318-1024x715.jpg 1024w, https:\/\/ropealchemy.com\/wp-content\/uploads\/2026\/01\/MIC2318-768x536.jpg 768w, https:\/\/ropealchemy.com\/wp-content\/uploads\/2026\/01\/MIC2318-1536x1072.jpg 1536w, https:\/\/ropealchemy.com\/wp-content\/uploads\/2026\/01\/MIC2318-600x419.jpg 600w\" sizes=\"auto, (max-width: 2048px) 100vw, 2048px\" \/><\/a><\/figure>\n<\/figure>\n\n\n\n<div style=\"height:7px\" aria-hidden=\"true\" class=\"wp-block-spacer\"><\/div>\n\n\n\n<figure class=\"wp-block-gallery has-nested-images columns-2 is-cropped wp-block-gallery-5 is-layout-flex wp-block-gallery-is-layout-flex\">\n<figure class=\"wp-block-image size-full\"><a href=\"https:\/\/ropealchemy.com\/wp-content\/uploads\/2026\/01\/MIC0272_small.jpg\" data-rel=\"lightbox-image-10\" data-rl_title=\"\" data-rl_caption=\"\" title=\"\"><img loading=\"lazy\" decoding=\"async\" width=\"1408\" height=\"2048\" data-id=\"3119\" src=\"https:\/\/ropealchemy.com\/wp-content\/uploads\/2026\/01\/MIC0272_small.jpg\" alt=\" mic0272 small\" class=\"wp-image-3119\" title=\"Gallery-Couples\" srcset=\"https:\/\/ropealchemy.com\/wp-content\/uploads\/2026\/01\/MIC0272_small.jpg 1408w, https:\/\/ropealchemy.com\/wp-content\/uploads\/2026\/01\/MIC0272_small-206x300.jpg 206w, https:\/\/ropealchemy.com\/wp-content\/uploads\/2026\/01\/MIC0272_small-704x1024.jpg 704w, https:\/\/ropealchemy.com\/wp-content\/uploads\/2026\/01\/MIC0272_small-768x1117.jpg 768w, https:\/\/ropealchemy.com\/wp-content\/uploads\/2026\/01\/MIC0272_small-1056x1536.jpg 1056w, https:\/\/ropealchemy.com\/wp-content\/uploads\/2026\/01\/MIC0272_small-600x873.jpg 600w\" sizes=\"auto, (max-width: 1408px) 100vw, 1408px\" \/><\/a><\/figure>\n\n\n\n<figure class=\"wp-block-image size-full\"><a href=\"https:\/\/ropealchemy.com\/wp-content\/uploads\/2026\/01\/MIC6629-Edit.jpg\" data-rel=\"lightbox-image-11\" data-rl_title=\"\" data-rl_caption=\"\" title=\"\"><img loading=\"lazy\" decoding=\"async\" width=\"1363\" height=\"2048\" data-id=\"3186\" src=\"https:\/\/ropealchemy.com\/wp-content\/uploads\/2026\/01\/MIC6629-Edit.jpg\" alt=\" mic6629 edit\" class=\"wp-image-3186\" title=\"Gallery-Couples\" srcset=\"https:\/\/ropealchemy.com\/wp-content\/uploads\/2026\/01\/MIC6629-Edit.jpg 1363w, https:\/\/ropealchemy.com\/wp-content\/uploads\/2026\/01\/MIC6629-Edit-200x300.jpg 200w, https:\/\/ropealchemy.com\/wp-content\/uploads\/2026\/01\/MIC6629-Edit-682x1024.jpg 682w, https:\/\/ropealchemy.com\/wp-content\/uploads\/2026\/01\/MIC6629-Edit-768x1154.jpg 768w, https:\/\/ropealchemy.com\/wp-content\/uploads\/2026\/01\/MIC6629-Edit-1022x1536.jpg 1022w, https:\/\/ropealchemy.com\/wp-content\/uploads\/2026\/01\/MIC6629-Edit-600x902.jpg 600w\" sizes=\"auto, (max-width: 1363px) 100vw, 1363px\" \/><\/a><\/figure>\n\n\n\n<figure class=\"wp-block-image size-full\"><a href=\"https:\/\/ropealchemy.com\/wp-content\/uploads\/2026\/01\/MIC3625.jpg\" data-rel=\"lightbox-image-12\" data-rl_title=\"\" data-rl_caption=\"\" title=\"\"><img loading=\"lazy\" decoding=\"async\" width=\"1463\" height=\"2048\" data-id=\"3121\" src=\"https:\/\/ropealchemy.com\/wp-content\/uploads\/2026\/01\/MIC3625.jpg\" alt=\" mic3625\" class=\"wp-image-3121\" title=\"Gallery-Couples\" srcset=\"https:\/\/ropealchemy.com\/wp-content\/uploads\/2026\/01\/MIC3625.jpg 1463w, https:\/\/ropealchemy.com\/wp-content\/uploads\/2026\/01\/MIC3625-214x300.jpg 214w, https:\/\/ropealchemy.com\/wp-content\/uploads\/2026\/01\/MIC3625-732x1024.jpg 732w, https:\/\/ropealchemy.com\/wp-content\/uploads\/2026\/01\/MIC3625-768x1075.jpg 768w, https:\/\/ropealchemy.com\/wp-content\/uploads\/2026\/01\/MIC3625-1097x1536.jpg 1097w, https:\/\/ropealchemy.com\/wp-content\/uploads\/2026\/01\/MIC3625-600x840.jpg 600w\" sizes=\"auto, (max-width: 1463px) 100vw, 1463px\" \/><\/a><\/figure>\n\n\n\n<figure class=\"wp-block-image size-full\"><a href=\"https:\/\/ropealchemy.com\/wp-content\/uploads\/2026\/01\/MIC3985-Edit.jpg\" data-rel=\"lightbox-image-13\" data-rl_title=\"\" data-rl_caption=\"\" title=\"\"><img loading=\"lazy\" decoding=\"async\" width=\"1642\" height=\"2048\" data-id=\"3129\" src=\"https:\/\/ropealchemy.com\/wp-content\/uploads\/2026\/01\/MIC3985-Edit.jpg\" alt=\" mic3985 edit\" class=\"wp-image-3129\" title=\"Gallery-Couples\" srcset=\"https:\/\/ropealchemy.com\/wp-content\/uploads\/2026\/01\/MIC3985-Edit.jpg 1642w, https:\/\/ropealchemy.com\/wp-content\/uploads\/2026\/01\/MIC3985-Edit-241x300.jpg 241w, https:\/\/ropealchemy.com\/wp-content\/uploads\/2026\/01\/MIC3985-Edit-821x1024.jpg 821w, https:\/\/ropealchemy.com\/wp-content\/uploads\/2026\/01\/MIC3985-Edit-768x958.jpg 768w, https:\/\/ropealchemy.com\/wp-content\/uploads\/2026\/01\/MIC3985-Edit-1232x1536.jpg 1232w, https:\/\/ropealchemy.com\/wp-content\/uploads\/2026\/01\/MIC3985-Edit-600x748.jpg 600w\" sizes=\"auto, (max-width: 1642px) 100vw, 1642px\" \/><\/a><\/figure>\n\n\n\n<figure class=\"wp-block-image size-full\"><a href=\"https:\/\/ropealchemy.com\/wp-content\/uploads\/2026\/01\/MIC9489.jpg\" data-rel=\"lightbox-image-14\" data-rl_title=\"\" data-rl_caption=\"\" title=\"\"><img loading=\"lazy\" decoding=\"async\" width=\"2048\" height=\"1463\" data-id=\"3127\" src=\"https:\/\/ropealchemy.com\/wp-content\/uploads\/2026\/01\/MIC9489.jpg\" alt=\" mic9489\" class=\"wp-image-3127\" title=\"Gallery-Couples\" srcset=\"https:\/\/ropealchemy.com\/wp-content\/uploads\/2026\/01\/MIC9489.jpg 2048w, https:\/\/ropealchemy.com\/wp-content\/uploads\/2026\/01\/MIC9489-300x214.jpg 300w, https:\/\/ropealchemy.com\/wp-content\/uploads\/2026\/01\/MIC9489-1024x732.jpg 1024w, https:\/\/ropealchemy.com\/wp-content\/uploads\/2026\/01\/MIC9489-768x549.jpg 768w, https:\/\/ropealchemy.com\/wp-content\/uploads\/2026\/01\/MIC9489-1536x1097.jpg 1536w, https:\/\/ropealchemy.com\/wp-content\/uploads\/2026\/01\/MIC9489-600x429.jpg 600w\" sizes=\"auto, (max-width: 2048px) 100vw, 2048px\" \/><\/a><\/figure>\n<\/figure>\n\n\n\n<div style=\"height:7px\" aria-hidden=\"true\" class=\"wp-block-spacer\"><\/div>\n\n\n\n<figure class=\"wp-block-gallery has-nested-images columns-default is-cropped wp-block-gallery-6 is-layout-flex wp-block-gallery-is-layout-flex\">\n<figure class=\"wp-block-image size-full\"><a href=\"https:\/\/ropealchemy.com\/wp-content\/uploads\/2026\/01\/MIC5683-Edit-1-scaled.jpg\" data-rel=\"lightbox-image-15\" data-rl_title=\"\" data-rl_caption=\"\" title=\"\"><img loading=\"lazy\" decoding=\"async\" width=\"2560\" height=\"1821\" data-id=\"3190\" src=\"https:\/\/ropealchemy.com\/wp-content\/uploads\/2026\/01\/MIC5683-Edit-1-scaled.jpg\" alt=\" mic5683 edit\" class=\"wp-image-3190\" title=\"Gallery-Couples\" srcset=\"https:\/\/ropealchemy.com\/wp-content\/uploads\/2026\/01\/MIC5683-Edit-1-scaled.jpg 2560w, https:\/\/ropealchemy.com\/wp-content\/uploads\/2026\/01\/MIC5683-Edit-1-300x213.jpg 300w, https:\/\/ropealchemy.com\/wp-content\/uploads\/2026\/01\/MIC5683-Edit-1-1024x728.jpg 1024w, https:\/\/ropealchemy.com\/wp-content\/uploads\/2026\/01\/MIC5683-Edit-1-768x546.jpg 768w, https:\/\/ropealchemy.com\/wp-content\/uploads\/2026\/01\/MIC5683-Edit-1-1536x1093.jpg 1536w, https:\/\/ropealchemy.com\/wp-content\/uploads\/2026\/01\/MIC5683-Edit-1-2048x1457.jpg 2048w, https:\/\/ropealchemy.com\/wp-content\/uploads\/2026\/01\/MIC5683-Edit-1-600x427.jpg 600w\" sizes=\"auto, (max-width: 2560px) 100vw, 2560px\" \/><\/a><\/figure>\n<\/figure>\n\n\n\n<p class=\"has-text-align-center\">Detta galleri \u00e4r ett p\u00e5g\u00e5ende urval och kan f\u00f6r\u00e4ndras \u00f6ver tid.<\/p>\n<\/div><\/div>\n\n\n\n<p><\/p>","protected":false},"excerpt":{"rendered":"<p>Couples A curated selection of intimate couple portraits exploring connection, trust, and shared presence.Sessions may include shibari, gentle restraint, or no rope at all \u2014 allowing each couple\u2019s dynamic to guide the expression. Each image is created through collaboration, consent, and attentive practice, with space for closeness, vulnerability, and authentic interaction. This gallery is an &#8230; <a title=\"Gallery-Couples\" class=\"read-more\" href=\"https:\/\/ropealchemy.com\/sv\/gallery-couples\/\" aria-label=\"L\u00e4s mer om Gallery-Couples\">L\u00e4s mer<\/a><\/p>","protected":false},"author":1,"featured_media":0,"parent":0,"menu_order":0,"comment_status":"closed","ping_status":"closed","template":"","meta":{"footnotes":""},"class_list":["post-3093","page","type-page","status-publish"],"_hostinger_reach_plugin_has_subscription_block":false,"_hostinger_reach_plugin_is_elementor":false,"_links":{"self":[{"href":"https:\/\/ropealchemy.com\/sv\/wp-json\/wp\/v2\/pages\/3093","targetHints":{"allow":["GET"]}}],"collection":[{"href":"https:\/\/ropealchemy.com\/sv\/wp-json\/wp\/v2\/pages"}],"about":[{"href":"https:\/\/ropealchemy.com\/sv\/wp-json\/wp\/v2\/types\/page"}],"author":[{"embeddable":true,"href":"https:\/\/ropealchemy.com\/sv\/wp-json\/wp\/v2\/users\/1"}],"replies":[{"embeddable":true,"href":"https:\/\/ropealchemy.com\/sv\/wp-json\/wp\/v2\/comments?post=3093"}],"version-history":[{"count":23,"href":"https:\/\/ropealchemy.com\/sv\/wp-json\/wp\/v2\/pages\/3093\/revisions"}],"predecessor-version":[{"id":3337,"href":"https:\/\/ropealchemy.com\/sv\/wp-json\/wp\/v2\/pages\/3093\/revisions\/3337"}],"wp:attachment":[{"href":"https:\/\/ropealchemy.com\/sv\/wp-json\/wp\/v2\/media?parent=3093"}],"curies":[{"name":"wp","href":"https:\/\/api.w.org\/{rel}","templated":true}]}}