{"id":3057,"date":"2026-01-22T21:04:46","date_gmt":"2026-01-22T21:04:46","guid":{"rendered":"https:\/\/ropealchemy.com\/?page_id=3057"},"modified":"2026-01-27T17:08:19","modified_gmt":"2026-01-27T17:08:19","slug":"gallery-boudoir","status":"publish","type":"page","link":"https:\/\/ropealchemy.com\/sv\/gallery-boudoir\/","title":{"rendered":"Gallery-boudoir"},"content":{"rendered":"<div class=\"wp-block-group narrow-group\"><div class=\"wp-block-group__inner-container is-layout-constrained wp-block-group-is-layout-constrained\">\n<h2 class=\"wp-block-heading has-text-align-center\">Boudoir<\/h2>\n\n\n\n<p class=\"has-text-align-center\">Ett kurerat urval av intima portr\u00e4tt som utforskar n\u00e4rvaro, s\u00e5rbarhet och sj\u00e4lvuttryck.<br>Varje bild skapas genom samarbete, samtycke och lyh\u00f6rd praktik.<\/p>\n\n\n\n<figure class=\"wp-block-gallery has-nested-images columns-2 is-cropped Narrow-gallery wp-block-gallery-1 is-layout-flex wp-block-gallery-is-layout-flex\">\n<figure class=\"wp-block-image size-large\"><a href=\"https:\/\/ropealchemy.com\/wp-content\/uploads\/2026\/01\/IMG_5421-scaled.jpeg\" data-rel=\"lightbox-image-0\" data-rl_title=\"\" data-rl_caption=\"\" title=\"\"><img loading=\"lazy\" decoding=\"async\" width=\"681\" height=\"1024\" data-id=\"3050\" src=\"https:\/\/ropealchemy.com\/wp-content\/uploads\/2026\/01\/IMG_5421-681x1024.jpeg\" alt=\"img 5421\" class=\"wp-image-3050\" title=\"Gallery-boudoir\" srcset=\"https:\/\/ropealchemy.com\/wp-content\/uploads\/2026\/01\/IMG_5421-681x1024.jpeg 681w, https:\/\/ropealchemy.com\/wp-content\/uploads\/2026\/01\/IMG_5421-200x300.jpeg 200w, https:\/\/ropealchemy.com\/wp-content\/uploads\/2026\/01\/IMG_5421-768x1154.jpeg 768w, https:\/\/ropealchemy.com\/wp-content\/uploads\/2026\/01\/IMG_5421-1022x1536.jpeg 1022w, https:\/\/ropealchemy.com\/wp-content\/uploads\/2026\/01\/IMG_5421-1363x2048.jpeg 1363w, https:\/\/ropealchemy.com\/wp-content\/uploads\/2026\/01\/IMG_5421-600x902.jpeg 600w, https:\/\/ropealchemy.com\/wp-content\/uploads\/2026\/01\/IMG_5421-scaled.jpeg 1703w\" sizes=\"auto, (max-width: 681px) 100vw, 681px\" \/><\/a><\/figure>\n\n\n\n<figure class=\"wp-block-image size-large\"><a href=\"https:\/\/ropealchemy.com\/wp-content\/uploads\/2026\/01\/IMG_5411.jpeg\" data-rel=\"lightbox-image-1\" data-rl_title=\"\" data-rl_caption=\"\" title=\"\"><img loading=\"lazy\" decoding=\"async\" width=\"681\" height=\"1024\" data-id=\"3044\" src=\"https:\/\/ropealchemy.com\/wp-content\/uploads\/2026\/01\/IMG_5411-681x1024.jpeg\" alt=\"img 5411\" class=\"wp-image-3044\" title=\"Gallery-boudoir\" srcset=\"https:\/\/ropealchemy.com\/wp-content\/uploads\/2026\/01\/IMG_5411-681x1024.jpeg 681w, https:\/\/ropealchemy.com\/wp-content\/uploads\/2026\/01\/IMG_5411-200x300.jpeg 200w, https:\/\/ropealchemy.com\/wp-content\/uploads\/2026\/01\/IMG_5411-768x1154.jpeg 768w, https:\/\/ropealchemy.com\/wp-content\/uploads\/2026\/01\/IMG_5411-1022x1536.jpeg 1022w, https:\/\/ropealchemy.com\/wp-content\/uploads\/2026\/01\/IMG_5411-600x902.jpeg 600w, https:\/\/ropealchemy.com\/wp-content\/uploads\/2026\/01\/IMG_5411.jpeg 1347w\" sizes=\"auto, (max-width: 681px) 100vw, 681px\" \/><\/a><\/figure>\n\n\n\n<figure class=\"wp-block-image size-large\"><a href=\"https:\/\/ropealchemy.com\/wp-content\/uploads\/2026\/01\/IMG_5962.jpeg\" data-rel=\"lightbox-image-2\" data-rl_title=\"\" data-rl_caption=\"\" title=\"\"><img loading=\"lazy\" decoding=\"async\" width=\"1024\" height=\"682\" data-id=\"3045\" src=\"https:\/\/ropealchemy.com\/wp-content\/uploads\/2026\/01\/IMG_5962-1024x682.jpeg\" alt=\"img 5962\" class=\"wp-image-3045\" title=\"Gallery-boudoir\" srcset=\"https:\/\/ropealchemy.com\/wp-content\/uploads\/2026\/01\/IMG_5962-1024x682.jpeg 1024w, https:\/\/ropealchemy.com\/wp-content\/uploads\/2026\/01\/IMG_5962-300x200.jpeg 300w, https:\/\/ropealchemy.com\/wp-content\/uploads\/2026\/01\/IMG_5962-768x511.jpeg 768w, https:\/\/ropealchemy.com\/wp-content\/uploads\/2026\/01\/IMG_5962-1536x1022.jpeg 1536w, https:\/\/ropealchemy.com\/wp-content\/uploads\/2026\/01\/IMG_5962-600x399.jpeg 600w, https:\/\/ropealchemy.com\/wp-content\/uploads\/2026\/01\/IMG_5962.jpeg 2048w\" sizes=\"auto, (max-width: 1024px) 100vw, 1024px\" \/><\/a><\/figure>\n<\/figure>\n\n\n\n<div style=\"height:7px\" aria-hidden=\"true\" class=\"wp-block-spacer\"><\/div>\n\n\n\n<figure class=\"wp-block-gallery aligncenter has-nested-images columns-2 is-cropped wp-block-gallery-2 is-layout-flex wp-block-gallery-is-layout-flex\">\n<figure class=\"wp-block-image size-large\"><a href=\"https:\/\/ropealchemy.com\/wp-content\/uploads\/2026\/01\/RonjaRotheMB9-498-Edit.jpg\" data-rel=\"lightbox-image-3\" data-rl_title=\"\" data-rl_caption=\"\" title=\"\"><img loading=\"lazy\" decoding=\"async\" width=\"684\" height=\"1024\" data-id=\"3065\" src=\"https:\/\/ropealchemy.com\/wp-content\/uploads\/2026\/01\/RonjaRotheMB9-498-Edit-684x1024.jpg\" alt=\"RonjaRotheMB9 498 Edit 684x1024\" class=\"wp-image-3065\" title=\"Gallery-boudoir\" srcset=\"https:\/\/ropealchemy.com\/wp-content\/uploads\/2026\/01\/RonjaRotheMB9-498-Edit-684x1024.jpg 684w, https:\/\/ropealchemy.com\/wp-content\/uploads\/2026\/01\/RonjaRotheMB9-498-Edit-200x300.jpg 200w, https:\/\/ropealchemy.com\/wp-content\/uploads\/2026\/01\/RonjaRotheMB9-498-Edit-768x1151.jpg 768w, https:\/\/ropealchemy.com\/wp-content\/uploads\/2026\/01\/RonjaRotheMB9-498-Edit-1025x1536.jpg 1025w, https:\/\/ropealchemy.com\/wp-content\/uploads\/2026\/01\/RonjaRotheMB9-498-Edit-600x899.jpg 600w, https:\/\/ropealchemy.com\/wp-content\/uploads\/2026\/01\/RonjaRotheMB9-498-Edit.jpg 1367w\" sizes=\"auto, (max-width: 684px) 100vw, 684px\" \/><\/a><\/figure>\n\n\n\n<figure class=\"wp-block-image size-large\"><a href=\"https:\/\/ropealchemy.com\/wp-content\/uploads\/2026\/01\/IMG_5416.jpeg\" data-rel=\"lightbox-image-4\" data-rl_title=\"\" data-rl_caption=\"\" title=\"\"><img loading=\"lazy\" decoding=\"async\" width=\"732\" height=\"1024\" data-id=\"3042\" src=\"https:\/\/ropealchemy.com\/wp-content\/uploads\/2026\/01\/IMG_5416-732x1024.jpeg\" alt=\"img 5416\" class=\"wp-image-3042\" title=\"Gallery-boudoir\" srcset=\"https:\/\/ropealchemy.com\/wp-content\/uploads\/2026\/01\/IMG_5416-732x1024.jpeg 732w, https:\/\/ropealchemy.com\/wp-content\/uploads\/2026\/01\/IMG_5416-214x300.jpeg 214w, https:\/\/ropealchemy.com\/wp-content\/uploads\/2026\/01\/IMG_5416-768x1075.jpeg 768w, https:\/\/ropealchemy.com\/wp-content\/uploads\/2026\/01\/IMG_5416-1097x1536.jpeg 1097w, https:\/\/ropealchemy.com\/wp-content\/uploads\/2026\/01\/IMG_5416-600x840.jpeg 600w, https:\/\/ropealchemy.com\/wp-content\/uploads\/2026\/01\/IMG_5416.jpeg 1463w\" sizes=\"auto, (max-width: 732px) 100vw, 732px\" \/><\/a><\/figure>\n\n\n\n<figure class=\"wp-block-image size-large\"><a href=\"https:\/\/ropealchemy.com\/wp-content\/uploads\/2026\/01\/IMG_5412.jpeg\" data-rel=\"lightbox-image-5\" data-rl_title=\"\" data-rl_caption=\"\" title=\"\"><img loading=\"lazy\" decoding=\"async\" width=\"1024\" height=\"732\" data-id=\"3043\" src=\"https:\/\/ropealchemy.com\/wp-content\/uploads\/2026\/01\/IMG_5412-1024x732.jpeg\" alt=\"img 5412\" class=\"wp-image-3043\" title=\"Gallery-boudoir\" srcset=\"https:\/\/ropealchemy.com\/wp-content\/uploads\/2026\/01\/IMG_5412-1024x732.jpeg 1024w, https:\/\/ropealchemy.com\/wp-content\/uploads\/2026\/01\/IMG_5412-300x214.jpeg 300w, https:\/\/ropealchemy.com\/wp-content\/uploads\/2026\/01\/IMG_5412-768x549.jpeg 768w, https:\/\/ropealchemy.com\/wp-content\/uploads\/2026\/01\/IMG_5412-1536x1097.jpeg 1536w, https:\/\/ropealchemy.com\/wp-content\/uploads\/2026\/01\/IMG_5412-600x429.jpeg 600w, https:\/\/ropealchemy.com\/wp-content\/uploads\/2026\/01\/IMG_5412.jpeg 2024w\" sizes=\"auto, (max-width: 1024px) 100vw, 1024px\" \/><\/a><\/figure>\n<\/figure>\n\n\n\n<div style=\"height:7px\" aria-hidden=\"true\" class=\"wp-block-spacer\"><\/div>\n\n\n\n<figure class=\"wp-block-gallery has-nested-images columns-default is-cropped wp-block-gallery-3 is-layout-flex wp-block-gallery-is-layout-flex\">\n<figure class=\"wp-block-image size-large\"><a href=\"https:\/\/ropealchemy.com\/wp-content\/uploads\/2026\/01\/MIC3914-Edit.jpg\" data-rel=\"lightbox-image-6\" data-rl_title=\"\" data-rl_caption=\"\" title=\"\"><img loading=\"lazy\" decoding=\"async\" width=\"1024\" height=\"682\" data-id=\"3082\" src=\"https:\/\/ropealchemy.com\/wp-content\/uploads\/2026\/01\/MIC3914-Edit-1024x682.jpg\" alt=\" mic3914 edit\" class=\"wp-image-3082\" title=\"Gallery-boudoir\" srcset=\"https:\/\/ropealchemy.com\/wp-content\/uploads\/2026\/01\/MIC3914-Edit-1024x682.jpg 1024w, https:\/\/ropealchemy.com\/wp-content\/uploads\/2026\/01\/MIC3914-Edit-300x200.jpg 300w, https:\/\/ropealchemy.com\/wp-content\/uploads\/2026\/01\/MIC3914-Edit-768x511.jpg 768w, https:\/\/ropealchemy.com\/wp-content\/uploads\/2026\/01\/MIC3914-Edit-1536x1022.jpg 1536w, https:\/\/ropealchemy.com\/wp-content\/uploads\/2026\/01\/MIC3914-Edit-600x399.jpg 600w, https:\/\/ropealchemy.com\/wp-content\/uploads\/2026\/01\/MIC3914-Edit.jpg 2048w\" sizes=\"auto, (max-width: 1024px) 100vw, 1024px\" \/><\/a><\/figure>\n<\/figure>\n\n\n\n<div style=\"height:7px\" aria-hidden=\"true\" class=\"wp-block-spacer\"><\/div>\n\n\n\n<figure class=\"wp-block-gallery has-nested-images columns-2 is-cropped wp-block-gallery-4 is-layout-flex wp-block-gallery-is-layout-flex\">\n<figure class=\"wp-block-image size-large\"><a href=\"https:\/\/ropealchemy.com\/wp-content\/uploads\/2026\/01\/Laura_Fav-3.jpg\" data-rel=\"lightbox-image-7\" data-rl_title=\"\" data-rl_caption=\"\" title=\"\"><img loading=\"lazy\" decoding=\"async\" width=\"684\" height=\"1024\" data-id=\"3062\" src=\"https:\/\/ropealchemy.com\/wp-content\/uploads\/2026\/01\/Laura_Fav-3-684x1024.jpg\" alt=\"laura fav 3\" class=\"wp-image-3062\" title=\"Gallery-boudoir\" srcset=\"https:\/\/ropealchemy.com\/wp-content\/uploads\/2026\/01\/Laura_Fav-3-684x1024.jpg 684w, https:\/\/ropealchemy.com\/wp-content\/uploads\/2026\/01\/Laura_Fav-3-200x300.jpg 200w, https:\/\/ropealchemy.com\/wp-content\/uploads\/2026\/01\/Laura_Fav-3-768x1151.jpg 768w, https:\/\/ropealchemy.com\/wp-content\/uploads\/2026\/01\/Laura_Fav-3-1025x1536.jpg 1025w, https:\/\/ropealchemy.com\/wp-content\/uploads\/2026\/01\/Laura_Fav-3-600x899.jpg 600w, https:\/\/ropealchemy.com\/wp-content\/uploads\/2026\/01\/Laura_Fav-3.jpg 1367w\" sizes=\"auto, (max-width: 684px) 100vw, 684px\" \/><\/a><\/figure>\n\n\n\n<figure class=\"wp-block-image size-large\"><a href=\"https:\/\/ropealchemy.com\/wp-content\/uploads\/2026\/01\/2020029_Elin_Woodie-33-Edit.jpg\" data-rel=\"lightbox-image-8\" data-rl_title=\"\" data-rl_caption=\"\" title=\"\"><img loading=\"lazy\" decoding=\"async\" width=\"819\" height=\"1024\" data-id=\"3064\" src=\"https:\/\/ropealchemy.com\/wp-content\/uploads\/2026\/01\/2020029_Elin_Woodie-33-Edit-819x1024.jpg\" alt=\"2020029 elin woodie 33 edit\" class=\"wp-image-3064\" title=\"Gallery-boudoir\" srcset=\"https:\/\/ropealchemy.com\/wp-content\/uploads\/2026\/01\/2020029_Elin_Woodie-33-Edit-819x1024.jpg 819w, https:\/\/ropealchemy.com\/wp-content\/uploads\/2026\/01\/2020029_Elin_Woodie-33-Edit-240x300.jpg 240w, https:\/\/ropealchemy.com\/wp-content\/uploads\/2026\/01\/2020029_Elin_Woodie-33-Edit-768x960.jpg 768w, https:\/\/ropealchemy.com\/wp-content\/uploads\/2026\/01\/2020029_Elin_Woodie-33-Edit-1229x1536.jpg 1229w, https:\/\/ropealchemy.com\/wp-content\/uploads\/2026\/01\/2020029_Elin_Woodie-33-Edit-600x750.jpg 600w, https:\/\/ropealchemy.com\/wp-content\/uploads\/2026\/01\/2020029_Elin_Woodie-33-Edit.jpg 1638w\" sizes=\"auto, (max-width: 819px) 100vw, 819px\" \/><\/a><\/figure>\n\n\n\n<figure class=\"wp-block-image size-large\"><a href=\"https:\/\/ropealchemy.com\/wp-content\/uploads\/2026\/01\/20180812_Malin_Cornstig-84-Edit.jpg\" data-rel=\"lightbox-image-9\" data-rl_title=\"\" data-rl_caption=\"\" title=\"\"><img loading=\"lazy\" decoding=\"async\" width=\"1024\" height=\"683\" data-id=\"3066\" src=\"https:\/\/ropealchemy.com\/wp-content\/uploads\/2026\/01\/20180812_Malin_Cornstig-84-Edit-1024x683.jpg\" alt=\"20180812 malin cornstig 84 edit\" class=\"wp-image-3066\" title=\"Gallery-boudoir\" srcset=\"https:\/\/ropealchemy.com\/wp-content\/uploads\/2026\/01\/20180812_Malin_Cornstig-84-Edit-1024x683.jpg 1024w, https:\/\/ropealchemy.com\/wp-content\/uploads\/2026\/01\/20180812_Malin_Cornstig-84-Edit-300x200.jpg 300w, https:\/\/ropealchemy.com\/wp-content\/uploads\/2026\/01\/20180812_Malin_Cornstig-84-Edit-768x512.jpg 768w, https:\/\/ropealchemy.com\/wp-content\/uploads\/2026\/01\/20180812_Malin_Cornstig-84-Edit-1536x1024.jpg 1536w, https:\/\/ropealchemy.com\/wp-content\/uploads\/2026\/01\/20180812_Malin_Cornstig-84-Edit-600x400.jpg 600w, https:\/\/ropealchemy.com\/wp-content\/uploads\/2026\/01\/20180812_Malin_Cornstig-84-Edit.jpg 2048w\" sizes=\"auto, (max-width: 1024px) 100vw, 1024px\" \/><\/a><\/figure>\n<\/figure>\n\n\n\n<div style=\"height:7px\" aria-hidden=\"true\" class=\"wp-block-spacer\"><\/div>\n\n\n\n<figure class=\"wp-block-gallery has-nested-images columns-default is-cropped wp-block-gallery-5 is-layout-flex wp-block-gallery-is-layout-flex\">\n<figure class=\"wp-block-image size-large\"><a href=\"https:\/\/ropealchemy.com\/wp-content\/uploads\/2026\/01\/Laura_Fav-24-Redigera.jpg\" data-rel=\"lightbox-image-10\" data-rl_title=\"\" data-rl_caption=\"\" title=\"\"><img loading=\"lazy\" decoding=\"async\" width=\"1024\" height=\"684\" data-id=\"3063\" src=\"https:\/\/ropealchemy.com\/wp-content\/uploads\/2026\/01\/Laura_Fav-24-Redigera-1024x684.jpg\" alt=\"laura fav 24 redigera\" class=\"wp-image-3063\" title=\"Gallery-boudoir\" srcset=\"https:\/\/ropealchemy.com\/wp-content\/uploads\/2026\/01\/Laura_Fav-24-Redigera-1024x684.jpg 1024w, https:\/\/ropealchemy.com\/wp-content\/uploads\/2026\/01\/Laura_Fav-24-Redigera-300x200.jpg 300w, https:\/\/ropealchemy.com\/wp-content\/uploads\/2026\/01\/Laura_Fav-24-Redigera-768x513.jpg 768w, https:\/\/ropealchemy.com\/wp-content\/uploads\/2026\/01\/Laura_Fav-24-Redigera-1536x1025.jpg 1536w, https:\/\/ropealchemy.com\/wp-content\/uploads\/2026\/01\/Laura_Fav-24-Redigera-600x400.jpg 600w, https:\/\/ropealchemy.com\/wp-content\/uploads\/2026\/01\/Laura_Fav-24-Redigera.jpg 2048w\" sizes=\"auto, (max-width: 1024px) 100vw, 1024px\" \/><\/a><\/figure>\n<\/figure>\n\n\n\n<div style=\"height:7px\" aria-hidden=\"true\" class=\"wp-block-spacer\"><\/div>\n\n\n\n<figure class=\"wp-block-gallery has-nested-images columns-2 is-cropped wp-block-gallery-6 is-layout-flex wp-block-gallery-is-layout-flex\">\n<figure class=\"wp-block-image size-large\"><a href=\"https:\/\/ropealchemy.com\/wp-content\/uploads\/2026\/01\/EAMB2-195-Redigera.jpg\" data-rel=\"lightbox-image-11\" data-rl_title=\"\" data-rl_caption=\"\" title=\"\"><img loading=\"lazy\" decoding=\"async\" width=\"684\" height=\"1024\" data-id=\"3086\" src=\"https:\/\/ropealchemy.com\/wp-content\/uploads\/2026\/01\/EAMB2-195-Redigera-684x1024.jpg\" alt=\"eamb2 195 redigera\" class=\"wp-image-3086\" title=\"Gallery-boudoir\" srcset=\"https:\/\/ropealchemy.com\/wp-content\/uploads\/2026\/01\/EAMB2-195-Redigera-684x1024.jpg 684w, https:\/\/ropealchemy.com\/wp-content\/uploads\/2026\/01\/EAMB2-195-Redigera-200x300.jpg 200w, https:\/\/ropealchemy.com\/wp-content\/uploads\/2026\/01\/EAMB2-195-Redigera-768x1151.jpg 768w, https:\/\/ropealchemy.com\/wp-content\/uploads\/2026\/01\/EAMB2-195-Redigera-1025x1536.jpg 1025w, https:\/\/ropealchemy.com\/wp-content\/uploads\/2026\/01\/EAMB2-195-Redigera-600x899.jpg 600w, https:\/\/ropealchemy.com\/wp-content\/uploads\/2026\/01\/EAMB2-195-Redigera.jpg 1367w\" sizes=\"auto, (max-width: 684px) 100vw, 684px\" \/><\/a><\/figure>\n\n\n\n<figure class=\"wp-block-image size-large\"><a href=\"https:\/\/ropealchemy.com\/wp-content\/uploads\/2026\/01\/RRMB1-69-Edit.jpg\" data-rel=\"lightbox-image-12\" data-rl_title=\"\" data-rl_caption=\"\" title=\"\"><img loading=\"lazy\" decoding=\"async\" width=\"678\" height=\"1024\" data-id=\"3083\" src=\"https:\/\/ropealchemy.com\/wp-content\/uploads\/2026\/01\/RRMB1-69-Edit-678x1024.jpg\" alt=\"rrmb1 69 edit\" class=\"wp-image-3083\" title=\"Gallery-boudoir\" srcset=\"https:\/\/ropealchemy.com\/wp-content\/uploads\/2026\/01\/RRMB1-69-Edit-678x1024.jpg 678w, https:\/\/ropealchemy.com\/wp-content\/uploads\/2026\/01\/RRMB1-69-Edit-199x300.jpg 199w, https:\/\/ropealchemy.com\/wp-content\/uploads\/2026\/01\/RRMB1-69-Edit-768x1160.jpg 768w, https:\/\/ropealchemy.com\/wp-content\/uploads\/2026\/01\/RRMB1-69-Edit-1017x1536.jpg 1017w, https:\/\/ropealchemy.com\/wp-content\/uploads\/2026\/01\/RRMB1-69-Edit-600x906.jpg 600w, https:\/\/ropealchemy.com\/wp-content\/uploads\/2026\/01\/RRMB1-69-Edit.jpg 1356w\" sizes=\"auto, (max-width: 678px) 100vw, 678px\" \/><\/a><\/figure>\n\n\n\n<figure class=\"wp-block-image size-large\"><a href=\"https:\/\/ropealchemy.com\/wp-content\/uploads\/2026\/01\/EliseMB9-412-Edit-2.jpg\" data-rel=\"lightbox-image-13\" data-rl_title=\"\" data-rl_caption=\"\" title=\"\"><img loading=\"lazy\" decoding=\"async\" width=\"1024\" height=\"682\" data-id=\"3084\" src=\"https:\/\/ropealchemy.com\/wp-content\/uploads\/2026\/01\/EliseMB9-412-Edit-2-1024x682.jpg\" alt=\"micfoto.se din fotograf i \u00d6rebro\" class=\"wp-image-3084\" title=\"Gallery-boudoir\" srcset=\"https:\/\/ropealchemy.com\/wp-content\/uploads\/2026\/01\/EliseMB9-412-Edit-2-1024x682.jpg 1024w, https:\/\/ropealchemy.com\/wp-content\/uploads\/2026\/01\/EliseMB9-412-Edit-2-300x200.jpg 300w, https:\/\/ropealchemy.com\/wp-content\/uploads\/2026\/01\/EliseMB9-412-Edit-2-768x511.jpg 768w, https:\/\/ropealchemy.com\/wp-content\/uploads\/2026\/01\/EliseMB9-412-Edit-2-1536x1022.jpg 1536w, https:\/\/ropealchemy.com\/wp-content\/uploads\/2026\/01\/EliseMB9-412-Edit-2-600x399.jpg 600w, https:\/\/ropealchemy.com\/wp-content\/uploads\/2026\/01\/EliseMB9-412-Edit-2.jpg 2048w\" sizes=\"auto, (max-width: 1024px) 100vw, 1024px\" \/><\/a><\/figure>\n<\/figure>\n\n\n\n<div style=\"height:7px\" aria-hidden=\"true\" class=\"wp-block-spacer\"><\/div>\n\n\n\n<figure class=\"wp-block-gallery has-nested-images columns-default is-cropped wp-block-gallery-7 is-layout-flex wp-block-gallery-is-layout-flex\">\n<figure class=\"wp-block-image size-large\"><a href=\"https:\/\/ropealchemy.com\/wp-content\/uploads\/2026\/01\/20180624_Irma_Sander-90.jpg\" data-rel=\"lightbox-image-14\" data-rl_title=\"\" data-rl_caption=\"\" title=\"\"><img loading=\"lazy\" decoding=\"async\" width=\"732\" height=\"1024\" data-id=\"3085\" src=\"https:\/\/ropealchemy.com\/wp-content\/uploads\/2026\/01\/20180624_Irma_Sander-90-732x1024.jpg\" alt=\"20180624 irma sander 90\" class=\"wp-image-3085\" title=\"Gallery-boudoir\" srcset=\"https:\/\/ropealchemy.com\/wp-content\/uploads\/2026\/01\/20180624_Irma_Sander-90-732x1024.jpg 732w, https:\/\/ropealchemy.com\/wp-content\/uploads\/2026\/01\/20180624_Irma_Sander-90-214x300.jpg 214w, https:\/\/ropealchemy.com\/wp-content\/uploads\/2026\/01\/20180624_Irma_Sander-90-768x1075.jpg 768w, https:\/\/ropealchemy.com\/wp-content\/uploads\/2026\/01\/20180624_Irma_Sander-90-1097x1536.jpg 1097w, https:\/\/ropealchemy.com\/wp-content\/uploads\/2026\/01\/20180624_Irma_Sander-90-600x840.jpg 600w, https:\/\/ropealchemy.com\/wp-content\/uploads\/2026\/01\/20180624_Irma_Sander-90.jpg 1463w\" sizes=\"auto, (max-width: 732px) 100vw, 732px\" \/><\/a><\/figure>\n\n\n\n<figure class=\"wp-block-image size-large\"><a href=\"https:\/\/ropealchemy.com\/wp-content\/uploads\/2026\/01\/IMG_5418.jpeg\" data-rel=\"lightbox-image-15\" data-rl_title=\"\" data-rl_caption=\"\" title=\"\"><img loading=\"lazy\" decoding=\"async\" width=\"732\" height=\"1024\" data-id=\"3041\" src=\"https:\/\/ropealchemy.com\/wp-content\/uploads\/2026\/01\/IMG_5418-732x1024.jpeg\" alt=\"img 5418\" class=\"wp-image-3041\" title=\"Gallery-boudoir\" srcset=\"https:\/\/ropealchemy.com\/wp-content\/uploads\/2026\/01\/IMG_5418-732x1024.jpeg 732w, https:\/\/ropealchemy.com\/wp-content\/uploads\/2026\/01\/IMG_5418-214x300.jpeg 214w, https:\/\/ropealchemy.com\/wp-content\/uploads\/2026\/01\/IMG_5418-768x1075.jpeg 768w, https:\/\/ropealchemy.com\/wp-content\/uploads\/2026\/01\/IMG_5418-1097x1536.jpeg 1097w, https:\/\/ropealchemy.com\/wp-content\/uploads\/2026\/01\/IMG_5418-600x840.jpeg 600w, https:\/\/ropealchemy.com\/wp-content\/uploads\/2026\/01\/IMG_5418.jpeg 1463w\" sizes=\"auto, (max-width: 732px) 100vw, 732px\" \/><\/a><\/figure>\n<\/figure>\n\n\n\n<p class=\"has-text-align-center\">Detta galleri \u00e4r ett p\u00e5g\u00e5ende urval och kan f\u00f6r\u00e4ndras \u00f6ver tid.<\/p>\n<\/div><\/div>\n\n\n\n<p><\/p>","protected":false},"excerpt":{"rendered":"<p>Boudoir A curated selection of intimate portraits exploring presence, vulnerability, and self-expression.Each image is created through collaboration, consent, and attentive practice. This gallery is an ongoing selection and may change over time.<\/p>","protected":false},"author":1,"featured_media":0,"parent":0,"menu_order":0,"comment_status":"closed","ping_status":"closed","template":"","meta":{"footnotes":""},"class_list":["post-3057","page","type-page","status-publish"],"_hostinger_reach_plugin_has_subscription_block":false,"_hostinger_reach_plugin_is_elementor":false,"_links":{"self":[{"href":"https:\/\/ropealchemy.com\/sv\/wp-json\/wp\/v2\/pages\/3057","targetHints":{"allow":["GET"]}}],"collection":[{"href":"https:\/\/ropealchemy.com\/sv\/wp-json\/wp\/v2\/pages"}],"about":[{"href":"https:\/\/ropealchemy.com\/sv\/wp-json\/wp\/v2\/types\/page"}],"author":[{"embeddable":true,"href":"https:\/\/ropealchemy.com\/sv\/wp-json\/wp\/v2\/users\/1"}],"replies":[{"embeddable":true,"href":"https:\/\/ropealchemy.com\/sv\/wp-json\/wp\/v2\/comments?post=3057"}],"version-history":[{"count":26,"href":"https:\/\/ropealchemy.com\/sv\/wp-json\/wp\/v2\/pages\/3057\/revisions"}],"predecessor-version":[{"id":3273,"href":"https:\/\/ropealchemy.com\/sv\/wp-json\/wp\/v2\/pages\/3057\/revisions\/3273"}],"wp:attachment":[{"href":"https:\/\/ropealchemy.com\/sv\/wp-json\/wp\/v2\/media?parent=3057"}],"curies":[{"name":"wp","href":"https:\/\/api.w.org\/{rel}","templated":true}]}}