{"id":3005,"date":"2026-01-21T10:42:02","date_gmt":"2026-01-21T10:42:02","guid":{"rendered":"https:\/\/ropealchemy.com\/?page_id=3005"},"modified":"2026-01-27T17:11:34","modified_gmt":"2026-01-27T17:11:34","slug":"gallery-shibari","status":"publish","type":"page","link":"https:\/\/ropealchemy.com\/sv\/gallery-shibari\/","title":{"rendered":"Gallery-Shibari"},"content":{"rendered":"<div class=\"wp-block-group\"><div class=\"wp-block-group__inner-container is-layout-constrained wp-block-group-is-layout-constrained\">\n<h2 class=\"wp-block-heading has-text-align-center\">Shibari<\/h2>\n\n\n\n<p class=\"has-text-align-center\">Ett kurerat urval av bilder som utforskar rep som form, sp\u00e4nning och n\u00e4rvaro.<br>Varje bild skapas genom samarbete, samtycke och lyh\u00f6rd praktik.<\/p>\n\n\n\n<figure class=\"wp-block-gallery has-nested-images columns-2 is-cropped wp-block-gallery-1 is-layout-flex wp-block-gallery-is-layout-flex\">\n<figure class=\"wp-block-image size-full\"><a href=\"https:\/\/ropealchemy.com\/wp-content\/uploads\/2026\/01\/MIC4233-Edit.jpeg\" data-rel=\"lightbox-image-0\" data-rl_title=\"\" data-rl_caption=\"\" title=\"\"><img loading=\"lazy\" decoding=\"async\" width=\"1463\" height=\"2048\" data-id=\"2952\" src=\"https:\/\/ropealchemy.com\/wp-content\/uploads\/2026\/01\/MIC4233-Edit.jpeg\" alt=\" mic4233 edit\" class=\"wp-image-2952\" title=\"Gallery-Shibari\" srcset=\"https:\/\/ropealchemy.com\/wp-content\/uploads\/2026\/01\/MIC4233-Edit.jpeg 1463w, https:\/\/ropealchemy.com\/wp-content\/uploads\/2026\/01\/MIC4233-Edit-214x300.jpeg 214w, https:\/\/ropealchemy.com\/wp-content\/uploads\/2026\/01\/MIC4233-Edit-732x1024.jpeg 732w, https:\/\/ropealchemy.com\/wp-content\/uploads\/2026\/01\/MIC4233-Edit-768x1075.jpeg 768w, https:\/\/ropealchemy.com\/wp-content\/uploads\/2026\/01\/MIC4233-Edit-1097x1536.jpeg 1097w, https:\/\/ropealchemy.com\/wp-content\/uploads\/2026\/01\/MIC4233-Edit-600x840.jpeg 600w\" sizes=\"auto, (max-width: 1463px) 100vw, 1463px\" \/><\/a><\/figure>\n\n\n\n<figure class=\"wp-block-image size-large\"><a href=\"https:\/\/ropealchemy.com\/wp-content\/uploads\/2026\/01\/MIC2755-Edit.jpg\" data-rel=\"lightbox-image-1\" data-rl_title=\"\" data-rl_caption=\"\" title=\"\"><img loading=\"lazy\" decoding=\"async\" width=\"732\" height=\"1024\" data-id=\"3139\" src=\"https:\/\/ropealchemy.com\/wp-content\/uploads\/2026\/01\/MIC2755-Edit-732x1024.jpg\" alt=\" mic2755 edit\" class=\"wp-image-3139\" title=\"Gallery-Shibari\" srcset=\"https:\/\/ropealchemy.com\/wp-content\/uploads\/2026\/01\/MIC2755-Edit-732x1024.jpg 732w, https:\/\/ropealchemy.com\/wp-content\/uploads\/2026\/01\/MIC2755-Edit-214x300.jpg 214w, https:\/\/ropealchemy.com\/wp-content\/uploads\/2026\/01\/MIC2755-Edit-768x1075.jpg 768w, https:\/\/ropealchemy.com\/wp-content\/uploads\/2026\/01\/MIC2755-Edit-1097x1536.jpg 1097w, https:\/\/ropealchemy.com\/wp-content\/uploads\/2026\/01\/MIC2755-Edit-600x840.jpg 600w, https:\/\/ropealchemy.com\/wp-content\/uploads\/2026\/01\/MIC2755-Edit.jpg 1463w\" sizes=\"auto, (max-width: 732px) 100vw, 732px\" \/><\/a><\/figure>\n\n\n\n<figure class=\"wp-block-image size-large\"><a href=\"https:\/\/ropealchemy.com\/wp-content\/uploads\/2026\/01\/MIC9749-Edit.jpg\" data-rel=\"lightbox-image-2\" data-rl_title=\"\" data-rl_caption=\"\" title=\"\"><img loading=\"lazy\" decoding=\"async\" width=\"732\" height=\"1024\" data-id=\"3135\" src=\"https:\/\/ropealchemy.com\/wp-content\/uploads\/2026\/01\/MIC9749-Edit-732x1024.jpg\" alt=\" mic9749 edit\" class=\"wp-image-3135\" title=\"Gallery-Shibari\" srcset=\"https:\/\/ropealchemy.com\/wp-content\/uploads\/2026\/01\/MIC9749-Edit-732x1024.jpg 732w, https:\/\/ropealchemy.com\/wp-content\/uploads\/2026\/01\/MIC9749-Edit-214x300.jpg 214w, https:\/\/ropealchemy.com\/wp-content\/uploads\/2026\/01\/MIC9749-Edit-768x1075.jpg 768w, https:\/\/ropealchemy.com\/wp-content\/uploads\/2026\/01\/MIC9749-Edit-1097x1536.jpg 1097w, https:\/\/ropealchemy.com\/wp-content\/uploads\/2026\/01\/MIC9749-Edit-600x840.jpg 600w, https:\/\/ropealchemy.com\/wp-content\/uploads\/2026\/01\/MIC9749-Edit.jpg 1463w\" sizes=\"auto, (max-width: 732px) 100vw, 732px\" \/><\/a><\/figure>\n\n\n\n<figure class=\"wp-block-image size-large\"><a href=\"https:\/\/ropealchemy.com\/wp-content\/uploads\/2026\/01\/MIC2355-Edit-scaled.jpg\" data-rel=\"lightbox-image-3\" data-rl_title=\"\" data-rl_caption=\"\" title=\"\"><img loading=\"lazy\" decoding=\"async\" width=\"762\" height=\"1024\" data-id=\"2851\" src=\"https:\/\/ropealchemy.com\/wp-content\/uploads\/2026\/01\/MIC2355-Edit-762x1024.jpg\" alt=\" mic2355 edit\" class=\"wp-image-2851\" title=\"Gallery-Shibari\" srcset=\"https:\/\/ropealchemy.com\/wp-content\/uploads\/2026\/01\/MIC2355-Edit-762x1024.jpg 762w, https:\/\/ropealchemy.com\/wp-content\/uploads\/2026\/01\/MIC2355-Edit-223x300.jpg 223w, https:\/\/ropealchemy.com\/wp-content\/uploads\/2026\/01\/MIC2355-Edit-768x1032.jpg 768w, https:\/\/ropealchemy.com\/wp-content\/uploads\/2026\/01\/MIC2355-Edit-1143x1536.jpg 1143w, https:\/\/ropealchemy.com\/wp-content\/uploads\/2026\/01\/MIC2355-Edit-1523x2048.jpg 1523w, https:\/\/ropealchemy.com\/wp-content\/uploads\/2026\/01\/MIC2355-Edit-600x807.jpg 600w, https:\/\/ropealchemy.com\/wp-content\/uploads\/2026\/01\/MIC2355-Edit-scaled.jpg 1904w\" sizes=\"auto, (max-width: 762px) 100vw, 762px\" \/><\/a><\/figure>\n\n\n\n<figure class=\"wp-block-image size-large\"><a href=\"https:\/\/ropealchemy.com\/wp-content\/uploads\/2026\/01\/MIC1552-Edit.jpeg\" data-rel=\"lightbox-image-4\" data-rl_title=\"\" data-rl_caption=\"\" title=\"\"><img loading=\"lazy\" decoding=\"async\" width=\"1024\" height=\"732\" data-id=\"2796\" src=\"https:\/\/ropealchemy.com\/wp-content\/uploads\/2026\/01\/MIC1552-Edit-1024x732.jpeg\" alt=\" mic1552 edit\" class=\"wp-image-2796\" title=\"Gallery-Shibari\" srcset=\"https:\/\/ropealchemy.com\/wp-content\/uploads\/2026\/01\/MIC1552-Edit-1024x732.jpeg 1024w, https:\/\/ropealchemy.com\/wp-content\/uploads\/2026\/01\/MIC1552-Edit-300x214.jpeg 300w, https:\/\/ropealchemy.com\/wp-content\/uploads\/2026\/01\/MIC1552-Edit-768x549.jpeg 768w, https:\/\/ropealchemy.com\/wp-content\/uploads\/2026\/01\/MIC1552-Edit-1536x1097.jpeg 1536w, https:\/\/ropealchemy.com\/wp-content\/uploads\/2026\/01\/MIC1552-Edit-600x429.jpeg 600w, https:\/\/ropealchemy.com\/wp-content\/uploads\/2026\/01\/MIC1552-Edit.jpeg 2048w\" sizes=\"auto, (max-width: 1024px) 100vw, 1024px\" \/><\/a><\/figure>\n<\/figure>\n\n\n\n<div style=\"height:7px\" aria-hidden=\"true\" class=\"wp-block-spacer\"><\/div>\n\n\n\n<figure class=\"wp-block-gallery has-nested-images columns-default is-cropped wp-block-gallery-2 is-layout-flex wp-block-gallery-is-layout-flex\">\n<figure class=\"wp-block-image size-large\"><a href=\"https:\/\/ropealchemy.com\/wp-content\/uploads\/2026\/01\/MIC7040-Edit.jpg\" data-rel=\"lightbox-image-5\" data-rl_title=\"\" data-rl_caption=\"\" title=\"\"><img loading=\"lazy\" decoding=\"async\" width=\"1024\" height=\"819\" data-id=\"3154\" src=\"https:\/\/ropealchemy.com\/wp-content\/uploads\/2026\/01\/MIC7040-Edit-1024x819.jpg\" alt=\" mic7040 edit\" class=\"wp-image-3154\" title=\"Gallery-Shibari\" srcset=\"https:\/\/ropealchemy.com\/wp-content\/uploads\/2026\/01\/MIC7040-Edit-1024x819.jpg 1024w, https:\/\/ropealchemy.com\/wp-content\/uploads\/2026\/01\/MIC7040-Edit-300x240.jpg 300w, https:\/\/ropealchemy.com\/wp-content\/uploads\/2026\/01\/MIC7040-Edit-768x614.jpg 768w, https:\/\/ropealchemy.com\/wp-content\/uploads\/2026\/01\/MIC7040-Edit-1536x1229.jpg 1536w, https:\/\/ropealchemy.com\/wp-content\/uploads\/2026\/01\/MIC7040-Edit-600x480.jpg 600w, https:\/\/ropealchemy.com\/wp-content\/uploads\/2026\/01\/MIC7040-Edit.jpg 2048w\" sizes=\"auto, (max-width: 1024px) 100vw, 1024px\" \/><\/a><\/figure>\n<\/figure>\n\n\n\n<div style=\"height:7px\" aria-hidden=\"true\" class=\"wp-block-spacer\"><\/div>\n\n\n\n<figure class=\"wp-block-gallery has-nested-images columns-2 is-cropped wp-block-gallery-3 is-layout-flex wp-block-gallery-is-layout-flex\">\n<figure class=\"wp-block-image size-large\"><a href=\"https:\/\/ropealchemy.com\/wp-content\/uploads\/2026\/01\/MIC1097.jpg\" data-rel=\"lightbox-image-6\" data-rl_title=\"\" data-rl_caption=\"\" title=\"\"><img loading=\"lazy\" decoding=\"async\" width=\"732\" height=\"1024\" data-id=\"3150\" src=\"https:\/\/ropealchemy.com\/wp-content\/uploads\/2026\/01\/MIC1097-732x1024.jpg\" alt=\" mic1097\" class=\"wp-image-3150\" title=\"Gallery-Shibari\" srcset=\"https:\/\/ropealchemy.com\/wp-content\/uploads\/2026\/01\/MIC1097-732x1024.jpg 732w, https:\/\/ropealchemy.com\/wp-content\/uploads\/2026\/01\/MIC1097-214x300.jpg 214w, https:\/\/ropealchemy.com\/wp-content\/uploads\/2026\/01\/MIC1097-768x1075.jpg 768w, https:\/\/ropealchemy.com\/wp-content\/uploads\/2026\/01\/MIC1097-1097x1536.jpg 1097w, https:\/\/ropealchemy.com\/wp-content\/uploads\/2026\/01\/MIC1097-600x840.jpg 600w, https:\/\/ropealchemy.com\/wp-content\/uploads\/2026\/01\/MIC1097.jpg 1463w\" sizes=\"auto, (max-width: 732px) 100vw, 732px\" \/><\/a><\/figure>\n\n\n\n<figure class=\"wp-block-image size-large\"><a href=\"https:\/\/ropealchemy.com\/wp-content\/uploads\/2026\/01\/MIC9529.jpg\" data-rel=\"lightbox-image-7\" data-rl_title=\"\" data-rl_caption=\"\" title=\"\"><img loading=\"lazy\" decoding=\"async\" width=\"682\" height=\"1024\" data-id=\"3151\" src=\"https:\/\/ropealchemy.com\/wp-content\/uploads\/2026\/01\/MIC9529-682x1024.jpg\" alt=\" mic9529\" class=\"wp-image-3151\" title=\"Gallery-Shibari\" srcset=\"https:\/\/ropealchemy.com\/wp-content\/uploads\/2026\/01\/MIC9529-682x1024.jpg 682w, https:\/\/ropealchemy.com\/wp-content\/uploads\/2026\/01\/MIC9529-200x300.jpg 200w, https:\/\/ropealchemy.com\/wp-content\/uploads\/2026\/01\/MIC9529-768x1154.jpg 768w, https:\/\/ropealchemy.com\/wp-content\/uploads\/2026\/01\/MIC9529-1022x1536.jpg 1022w, https:\/\/ropealchemy.com\/wp-content\/uploads\/2026\/01\/MIC9529-600x902.jpg 600w, https:\/\/ropealchemy.com\/wp-content\/uploads\/2026\/01\/MIC9529.jpg 1363w\" sizes=\"auto, (max-width: 682px) 100vw, 682px\" \/><\/a><\/figure>\n\n\n\n<figure class=\"wp-block-image size-large\"><a href=\"https:\/\/ropealchemy.com\/wp-content\/uploads\/2026\/01\/MIC3762.jpg\" data-rel=\"lightbox-image-8\" data-rl_title=\"\" data-rl_caption=\"\" title=\"\"><img loading=\"lazy\" decoding=\"async\" width=\"682\" height=\"1024\" data-id=\"3143\" src=\"https:\/\/ropealchemy.com\/wp-content\/uploads\/2026\/01\/MIC3762-682x1024.jpg\" alt=\" mic3762\" class=\"wp-image-3143\" title=\"Gallery-Shibari\" srcset=\"https:\/\/ropealchemy.com\/wp-content\/uploads\/2026\/01\/MIC3762-682x1024.jpg 682w, https:\/\/ropealchemy.com\/wp-content\/uploads\/2026\/01\/MIC3762-200x300.jpg 200w, https:\/\/ropealchemy.com\/wp-content\/uploads\/2026\/01\/MIC3762-768x1154.jpg 768w, https:\/\/ropealchemy.com\/wp-content\/uploads\/2026\/01\/MIC3762-1022x1536.jpg 1022w, https:\/\/ropealchemy.com\/wp-content\/uploads\/2026\/01\/MIC3762-600x902.jpg 600w, https:\/\/ropealchemy.com\/wp-content\/uploads\/2026\/01\/MIC3762.jpg 1363w\" sizes=\"auto, (max-width: 682px) 100vw, 682px\" \/><\/a><\/figure>\n\n\n\n<figure class=\"wp-block-image size-large\"><a href=\"https:\/\/ropealchemy.com\/wp-content\/uploads\/2026\/01\/MIC6677.jpg\" data-rel=\"lightbox-image-9\" data-rl_title=\"\" data-rl_caption=\"\" title=\"\"><img loading=\"lazy\" decoding=\"async\" width=\"732\" height=\"1024\" data-id=\"3140\" src=\"https:\/\/ropealchemy.com\/wp-content\/uploads\/2026\/01\/MIC6677-732x1024.jpg\" alt=\" mic6677\" class=\"wp-image-3140\" title=\"Gallery-Shibari\" srcset=\"https:\/\/ropealchemy.com\/wp-content\/uploads\/2026\/01\/MIC6677-732x1024.jpg 732w, https:\/\/ropealchemy.com\/wp-content\/uploads\/2026\/01\/MIC6677-214x300.jpg 214w, https:\/\/ropealchemy.com\/wp-content\/uploads\/2026\/01\/MIC6677-768x1075.jpg 768w, https:\/\/ropealchemy.com\/wp-content\/uploads\/2026\/01\/MIC6677-1097x1536.jpg 1097w, https:\/\/ropealchemy.com\/wp-content\/uploads\/2026\/01\/MIC6677-600x840.jpg 600w, https:\/\/ropealchemy.com\/wp-content\/uploads\/2026\/01\/MIC6677.jpg 1463w\" sizes=\"auto, (max-width: 732px) 100vw, 732px\" \/><\/a><\/figure>\n\n\n\n<figure class=\"wp-block-image size-large\"><a href=\"https:\/\/ropealchemy.com\/wp-content\/uploads\/2026\/01\/MIC2000.jpg\" data-rel=\"lightbox-image-10\" data-rl_title=\"\" data-rl_caption=\"\" title=\"\"><img loading=\"lazy\" decoding=\"async\" width=\"1024\" height=\"732\" data-id=\"3141\" src=\"https:\/\/ropealchemy.com\/wp-content\/uploads\/2026\/01\/MIC2000-1024x732.jpg\" alt=\" mic2000\" class=\"wp-image-3141\" title=\"Gallery-Shibari\" srcset=\"https:\/\/ropealchemy.com\/wp-content\/uploads\/2026\/01\/MIC2000-1024x732.jpg 1024w, https:\/\/ropealchemy.com\/wp-content\/uploads\/2026\/01\/MIC2000-300x214.jpg 300w, https:\/\/ropealchemy.com\/wp-content\/uploads\/2026\/01\/MIC2000-768x549.jpg 768w, https:\/\/ropealchemy.com\/wp-content\/uploads\/2026\/01\/MIC2000-1536x1097.jpg 1536w, https:\/\/ropealchemy.com\/wp-content\/uploads\/2026\/01\/MIC2000-600x429.jpg 600w, https:\/\/ropealchemy.com\/wp-content\/uploads\/2026\/01\/MIC2000.jpg 2048w\" sizes=\"auto, (max-width: 1024px) 100vw, 1024px\" \/><\/a><\/figure>\n<\/figure>\n\n\n\n<div style=\"height:7px\" aria-hidden=\"true\" class=\"wp-block-spacer\"><\/div>\n\n\n\n<figure class=\"wp-block-gallery has-nested-images columns-default is-cropped wp-block-gallery-4 is-layout-flex wp-block-gallery-is-layout-flex\">\n<figure class=\"wp-block-image size-large\"><a href=\"https:\/\/ropealchemy.com\/wp-content\/uploads\/2026\/01\/MIC3529-Edit.jpg\" data-rel=\"lightbox-image-11\" data-rl_title=\"\" data-rl_caption=\"\" title=\"\"><img loading=\"lazy\" decoding=\"async\" width=\"1024\" height=\"655\" data-id=\"3142\" src=\"https:\/\/ropealchemy.com\/wp-content\/uploads\/2026\/01\/MIC3529-Edit-1024x655.jpg\" alt=\" mic3529 edit\" class=\"wp-image-3142\" title=\"Gallery-Shibari\" srcset=\"https:\/\/ropealchemy.com\/wp-content\/uploads\/2026\/01\/MIC3529-Edit-1024x655.jpg 1024w, https:\/\/ropealchemy.com\/wp-content\/uploads\/2026\/01\/MIC3529-Edit-300x192.jpg 300w, https:\/\/ropealchemy.com\/wp-content\/uploads\/2026\/01\/MIC3529-Edit-768x491.jpg 768w, https:\/\/ropealchemy.com\/wp-content\/uploads\/2026\/01\/MIC3529-Edit-1536x982.jpg 1536w, https:\/\/ropealchemy.com\/wp-content\/uploads\/2026\/01\/MIC3529-Edit-600x383.jpg 600w, https:\/\/ropealchemy.com\/wp-content\/uploads\/2026\/01\/MIC3529-Edit.jpg 2048w\" sizes=\"auto, (max-width: 1024px) 100vw, 1024px\" \/><\/a><\/figure>\n<\/figure>\n\n\n\n<div style=\"height:7px\" aria-hidden=\"true\" class=\"wp-block-spacer\"><\/div>\n\n\n\n<figure class=\"wp-block-gallery has-nested-images columns-2 is-cropped wp-block-gallery-5 is-layout-flex wp-block-gallery-is-layout-flex\">\n<figure class=\"wp-block-image size-large\"><a href=\"https:\/\/ropealchemy.com\/wp-content\/uploads\/2026\/01\/MIC1617.jpg\" data-rel=\"lightbox-image-12\" data-rl_title=\"\" data-rl_caption=\"\" title=\"\"><img loading=\"lazy\" decoding=\"async\" width=\"682\" height=\"1024\" data-id=\"3148\" src=\"https:\/\/ropealchemy.com\/wp-content\/uploads\/2026\/01\/MIC1617-682x1024.jpg\" alt=\" mic1617\" class=\"wp-image-3148\" title=\"Gallery-Shibari\" srcset=\"https:\/\/ropealchemy.com\/wp-content\/uploads\/2026\/01\/MIC1617-682x1024.jpg 682w, https:\/\/ropealchemy.com\/wp-content\/uploads\/2026\/01\/MIC1617-200x300.jpg 200w, https:\/\/ropealchemy.com\/wp-content\/uploads\/2026\/01\/MIC1617-768x1154.jpg 768w, https:\/\/ropealchemy.com\/wp-content\/uploads\/2026\/01\/MIC1617-1022x1536.jpg 1022w, https:\/\/ropealchemy.com\/wp-content\/uploads\/2026\/01\/MIC1617-600x902.jpg 600w, https:\/\/ropealchemy.com\/wp-content\/uploads\/2026\/01\/MIC1617.jpg 1363w\" sizes=\"auto, (max-width: 682px) 100vw, 682px\" \/><\/a><\/figure>\n\n\n\n<figure class=\"wp-block-image size-large\"><a href=\"https:\/\/ropealchemy.com\/wp-content\/uploads\/2026\/01\/MIC6246-Enhanced-NR-Edit.jpg\" data-rel=\"lightbox-image-13\" data-rl_title=\"\" data-rl_caption=\"\" title=\"\"><img loading=\"lazy\" decoding=\"async\" width=\"732\" height=\"1024\" data-id=\"3158\" src=\"https:\/\/ropealchemy.com\/wp-content\/uploads\/2026\/01\/MIC6246-Enhanced-NR-Edit-732x1024.jpg\" alt=\" mic6246 enhanced nr edit\" class=\"wp-image-3158\" title=\"Gallery-Shibari\" srcset=\"https:\/\/ropealchemy.com\/wp-content\/uploads\/2026\/01\/MIC6246-Enhanced-NR-Edit-732x1024.jpg 732w, https:\/\/ropealchemy.com\/wp-content\/uploads\/2026\/01\/MIC6246-Enhanced-NR-Edit-214x300.jpg 214w, https:\/\/ropealchemy.com\/wp-content\/uploads\/2026\/01\/MIC6246-Enhanced-NR-Edit-768x1075.jpg 768w, https:\/\/ropealchemy.com\/wp-content\/uploads\/2026\/01\/MIC6246-Enhanced-NR-Edit-1097x1536.jpg 1097w, https:\/\/ropealchemy.com\/wp-content\/uploads\/2026\/01\/MIC6246-Enhanced-NR-Edit-600x840.jpg 600w, https:\/\/ropealchemy.com\/wp-content\/uploads\/2026\/01\/MIC6246-Enhanced-NR-Edit.jpg 1463w\" sizes=\"auto, (max-width: 732px) 100vw, 732px\" \/><\/a><\/figure>\n\n\n\n<figure class=\"wp-block-image size-large\"><a href=\"https:\/\/ropealchemy.com\/wp-content\/uploads\/2026\/01\/MIC1582-Edit-1.jpg\" data-rel=\"lightbox-image-14\" data-rl_title=\"\" data-rl_caption=\"\" title=\"\"><img loading=\"lazy\" decoding=\"async\" width=\"1024\" height=\"732\" data-id=\"3147\" src=\"https:\/\/ropealchemy.com\/wp-content\/uploads\/2026\/01\/MIC1582-Edit-1-1024x732.jpg\" alt=\" mic1582 edit\" class=\"wp-image-3147\" title=\"Gallery-Shibari\" srcset=\"https:\/\/ropealchemy.com\/wp-content\/uploads\/2026\/01\/MIC1582-Edit-1-1024x732.jpg 1024w, https:\/\/ropealchemy.com\/wp-content\/uploads\/2026\/01\/MIC1582-Edit-1-300x214.jpg 300w, https:\/\/ropealchemy.com\/wp-content\/uploads\/2026\/01\/MIC1582-Edit-1-768x549.jpg 768w, https:\/\/ropealchemy.com\/wp-content\/uploads\/2026\/01\/MIC1582-Edit-1-1536x1097.jpg 1536w, https:\/\/ropealchemy.com\/wp-content\/uploads\/2026\/01\/MIC1582-Edit-1-600x429.jpg 600w, https:\/\/ropealchemy.com\/wp-content\/uploads\/2026\/01\/MIC1582-Edit-1.jpg 2048w\" sizes=\"auto, (max-width: 1024px) 100vw, 1024px\" \/><\/a><\/figure>\n<\/figure>\n\n\n\n<div style=\"height:7px\" aria-hidden=\"true\" class=\"wp-block-spacer\"><\/div>\n\n\n\n<figure class=\"wp-block-gallery has-nested-images columns-default is-cropped wp-block-gallery-6 is-layout-flex wp-block-gallery-is-layout-flex\">\n<figure class=\"wp-block-image size-large\"><a href=\"https:\/\/ropealchemy.com\/wp-content\/uploads\/2026\/01\/MIC7495-Enhanced-NR-Edit.jpg\" data-rel=\"lightbox-image-15\" data-rl_title=\"\" data-rl_caption=\"\" title=\"\"><img loading=\"lazy\" decoding=\"async\" width=\"1024\" height=\"732\" data-id=\"3159\" src=\"https:\/\/ropealchemy.com\/wp-content\/uploads\/2026\/01\/MIC7495-Enhanced-NR-Edit-1024x732.jpg\" alt=\" mic7495 enhanced nr edit\" class=\"wp-image-3159\" title=\"Gallery-Shibari\" srcset=\"https:\/\/ropealchemy.com\/wp-content\/uploads\/2026\/01\/MIC7495-Enhanced-NR-Edit-1024x732.jpg 1024w, https:\/\/ropealchemy.com\/wp-content\/uploads\/2026\/01\/MIC7495-Enhanced-NR-Edit-300x214.jpg 300w, https:\/\/ropealchemy.com\/wp-content\/uploads\/2026\/01\/MIC7495-Enhanced-NR-Edit-768x549.jpg 768w, https:\/\/ropealchemy.com\/wp-content\/uploads\/2026\/01\/MIC7495-Enhanced-NR-Edit-1536x1097.jpg 1536w, https:\/\/ropealchemy.com\/wp-content\/uploads\/2026\/01\/MIC7495-Enhanced-NR-Edit-600x429.jpg 600w, https:\/\/ropealchemy.com\/wp-content\/uploads\/2026\/01\/MIC7495-Enhanced-NR-Edit.jpg 2048w\" sizes=\"auto, (max-width: 1024px) 100vw, 1024px\" \/><\/a><\/figure>\n<\/figure>\n\n\n\n<div style=\"height:7px\" aria-hidden=\"true\" class=\"wp-block-spacer\"><\/div>\n\n\n\n<figure class=\"wp-block-gallery has-nested-images columns-2 is-cropped wp-block-gallery-7 is-layout-flex wp-block-gallery-is-layout-flex\">\n<figure class=\"wp-block-image size-full\"><a href=\"https:\/\/ropealchemy.com\/wp-content\/uploads\/2026\/01\/MIC1798v-Edit-scaled.jpg\" data-rel=\"lightbox-image-16\" data-rl_title=\"\" data-rl_caption=\"\" title=\"\"><img loading=\"lazy\" decoding=\"async\" width=\"1796\" height=\"2560\" data-id=\"3166\" src=\"https:\/\/ropealchemy.com\/wp-content\/uploads\/2026\/01\/MIC1798v-Edit-scaled.jpg\" alt=\" mic1798v edit\" class=\"wp-image-3166\" title=\"Gallery-Shibari\" srcset=\"https:\/\/ropealchemy.com\/wp-content\/uploads\/2026\/01\/MIC1798v-Edit-scaled.jpg 1796w, https:\/\/ropealchemy.com\/wp-content\/uploads\/2026\/01\/MIC1798v-Edit-211x300.jpg 211w, https:\/\/ropealchemy.com\/wp-content\/uploads\/2026\/01\/MIC1798v-Edit-719x1024.jpg 719w, https:\/\/ropealchemy.com\/wp-content\/uploads\/2026\/01\/MIC1798v-Edit-768x1094.jpg 768w, https:\/\/ropealchemy.com\/wp-content\/uploads\/2026\/01\/MIC1798v-Edit-1078x1536.jpg 1078w, https:\/\/ropealchemy.com\/wp-content\/uploads\/2026\/01\/MIC1798v-Edit-1437x2048.jpg 1437w, https:\/\/ropealchemy.com\/wp-content\/uploads\/2026\/01\/MIC1798v-Edit-600x855.jpg 600w\" sizes=\"auto, (max-width: 1796px) 100vw, 1796px\" \/><\/a><\/figure>\n\n\n\n<figure class=\"wp-block-image size-large\"><a href=\"https:\/\/ropealchemy.com\/wp-content\/uploads\/2026\/01\/MIC0223-Edit.jpg\" data-rel=\"lightbox-image-17\" data-rl_title=\"\" data-rl_caption=\"\" title=\"\"><img loading=\"lazy\" decoding=\"async\" width=\"732\" height=\"1024\" data-id=\"3156\" src=\"https:\/\/ropealchemy.com\/wp-content\/uploads\/2026\/01\/MIC0223-Edit-732x1024.jpg\" alt=\" mic0223 edit\" class=\"wp-image-3156\" title=\"Gallery-Shibari\" srcset=\"https:\/\/ropealchemy.com\/wp-content\/uploads\/2026\/01\/MIC0223-Edit-732x1024.jpg 732w, https:\/\/ropealchemy.com\/wp-content\/uploads\/2026\/01\/MIC0223-Edit-214x300.jpg 214w, https:\/\/ropealchemy.com\/wp-content\/uploads\/2026\/01\/MIC0223-Edit-768x1075.jpg 768w, https:\/\/ropealchemy.com\/wp-content\/uploads\/2026\/01\/MIC0223-Edit-1097x1536.jpg 1097w, https:\/\/ropealchemy.com\/wp-content\/uploads\/2026\/01\/MIC0223-Edit-600x840.jpg 600w, https:\/\/ropealchemy.com\/wp-content\/uploads\/2026\/01\/MIC0223-Edit.jpg 1463w\" sizes=\"auto, (max-width: 732px) 100vw, 732px\" \/><\/a><\/figure>\n\n\n\n<figure class=\"wp-block-image size-large\"><a href=\"https:\/\/ropealchemy.com\/wp-content\/uploads\/2026\/01\/MIC1731-Edit.jpg\" data-rel=\"lightbox-image-18\" data-rl_title=\"\" data-rl_caption=\"\" title=\"\"><img loading=\"lazy\" decoding=\"async\" width=\"1024\" height=\"732\" data-id=\"3149\" src=\"https:\/\/ropealchemy.com\/wp-content\/uploads\/2026\/01\/MIC1731-Edit-1024x732.jpg\" alt=\" mic1731 edit\" class=\"wp-image-3149\" title=\"Gallery-Shibari\" srcset=\"https:\/\/ropealchemy.com\/wp-content\/uploads\/2026\/01\/MIC1731-Edit-1024x732.jpg 1024w, https:\/\/ropealchemy.com\/wp-content\/uploads\/2026\/01\/MIC1731-Edit-300x214.jpg 300w, https:\/\/ropealchemy.com\/wp-content\/uploads\/2026\/01\/MIC1731-Edit-768x549.jpg 768w, https:\/\/ropealchemy.com\/wp-content\/uploads\/2026\/01\/MIC1731-Edit-1536x1097.jpg 1536w, https:\/\/ropealchemy.com\/wp-content\/uploads\/2026\/01\/MIC1731-Edit-600x429.jpg 600w, https:\/\/ropealchemy.com\/wp-content\/uploads\/2026\/01\/MIC1731-Edit.jpg 2048w\" sizes=\"auto, (max-width: 1024px) 100vw, 1024px\" \/><\/a><\/figure>\n<\/figure>\n\n\n\n<div style=\"height:7px\" aria-hidden=\"true\" class=\"wp-block-spacer\"><\/div>\n\n\n\n<figure class=\"wp-block-gallery has-nested-images columns-default is-cropped wp-block-gallery-8 is-layout-flex wp-block-gallery-is-layout-flex\">\n<figure class=\"wp-block-image size-large\"><a href=\"https:\/\/ropealchemy.com\/wp-content\/uploads\/2026\/01\/MIC4324-Edit-scaled.jpg\" data-rel=\"lightbox-image-19\" data-rl_title=\"\" data-rl_caption=\"\" title=\"\"><img loading=\"lazy\" decoding=\"async\" width=\"1024\" height=\"681\" data-id=\"2850\" src=\"https:\/\/ropealchemy.com\/wp-content\/uploads\/2026\/01\/MIC4324-Edit-1024x681.jpg\" alt=\" mic4324 edit\" class=\"wp-image-2850\" title=\"Gallery-Shibari\" srcset=\"https:\/\/ropealchemy.com\/wp-content\/uploads\/2026\/01\/MIC4324-Edit-1024x681.jpg 1024w, https:\/\/ropealchemy.com\/wp-content\/uploads\/2026\/01\/MIC4324-Edit-300x200.jpg 300w, https:\/\/ropealchemy.com\/wp-content\/uploads\/2026\/01\/MIC4324-Edit-768x511.jpg 768w, https:\/\/ropealchemy.com\/wp-content\/uploads\/2026\/01\/MIC4324-Edit-1536x1022.jpg 1536w, https:\/\/ropealchemy.com\/wp-content\/uploads\/2026\/01\/MIC4324-Edit-2048x1363.jpg 2048w, https:\/\/ropealchemy.com\/wp-content\/uploads\/2026\/01\/MIC4324-Edit-600x399.jpg 600w\" sizes=\"auto, (max-width: 1024px) 100vw, 1024px\" \/><\/a><\/figure>\n<\/figure>\n\n\n\n<p class=\"has-text-align-center\">Detta galleri \u00e4r ett p\u00e5g\u00e5ende urval och kan f\u00f6r\u00e4ndras \u00f6ver tid.<\/p>\n<\/div><\/div>\n\n\n\n<p><\/p>","protected":false},"excerpt":{"rendered":"<p>Shibari A curated selection of images exploring rope as form, tension, and presence.Each image is created through collaboration, consent, and attentive practice. This gallery is an ongoing selection and may change over time.<\/p>","protected":false},"author":1,"featured_media":0,"parent":0,"menu_order":0,"comment_status":"closed","ping_status":"closed","template":"","meta":{"footnotes":""},"class_list":["post-3005","page","type-page","status-publish"],"_hostinger_reach_plugin_has_subscription_block":false,"_hostinger_reach_plugin_is_elementor":false,"_links":{"self":[{"href":"https:\/\/ropealchemy.com\/sv\/wp-json\/wp\/v2\/pages\/3005","targetHints":{"allow":["GET"]}}],"collection":[{"href":"https:\/\/ropealchemy.com\/sv\/wp-json\/wp\/v2\/pages"}],"about":[{"href":"https:\/\/ropealchemy.com\/sv\/wp-json\/wp\/v2\/types\/page"}],"author":[{"embeddable":true,"href":"https:\/\/ropealchemy.com\/sv\/wp-json\/wp\/v2\/users\/1"}],"replies":[{"embeddable":true,"href":"https:\/\/ropealchemy.com\/sv\/wp-json\/wp\/v2\/comments?post=3005"}],"version-history":[{"count":35,"href":"https:\/\/ropealchemy.com\/sv\/wp-json\/wp\/v2\/pages\/3005\/revisions"}],"predecessor-version":[{"id":3268,"href":"https:\/\/ropealchemy.com\/sv\/wp-json\/wp\/v2\/pages\/3005\/revisions\/3268"}],"wp:attachment":[{"href":"https:\/\/ropealchemy.com\/sv\/wp-json\/wp\/v2\/media?parent=3005"}],"curies":[{"name":"wp","href":"https:\/\/api.w.org\/{rel}","templated":true}]}}