{"id":2792,"date":"2026-01-16T10:11:10","date_gmt":"2026-01-16T10:11:10","guid":{"rendered":"https:\/\/ropealchemy.com\/?page_id=2792"},"modified":"2026-02-10T13:21:29","modified_gmt":"2026-02-10T13:21:29","slug":"shibari-photoshoot","status":"publish","type":"page","link":"https:\/\/ropealchemy.com\/sv\/shibari-photoshoot\/","title":{"rendered":"Shibari-fotografering"},"content":{"rendered":"<div class=\"wp-block-group alignwide\"><div class=\"wp-block-group__inner-container is-layout-constrained wp-block-group-is-layout-constrained\">\n<div class=\"wp-block-cover\" style=\"min-height:660px;aspect-ratio:unset;\"><img loading=\"lazy\" decoding=\"async\" width=\"2048\" height=\"1463\" class=\"wp-block-cover__image-background wp-image-2797 size-full\" alt=\" mic1582 edit\" src=\"https:\/\/ropealchemy.com\/wp-content\/uploads\/2026\/01\/MIC1582-Edit.jpeg\" style=\"object-position:46% 54%\" data-object-fit=\"cover\" data-object-position=\"46% 54%\" title=\"Shibari-fotografering\" srcset=\"https:\/\/ropealchemy.com\/wp-content\/uploads\/2026\/01\/MIC1582-Edit.jpeg 2048w, https:\/\/ropealchemy.com\/wp-content\/uploads\/2026\/01\/MIC1582-Edit-300x214.jpeg 300w, https:\/\/ropealchemy.com\/wp-content\/uploads\/2026\/01\/MIC1582-Edit-1024x732.jpeg 1024w, https:\/\/ropealchemy.com\/wp-content\/uploads\/2026\/01\/MIC1582-Edit-768x549.jpeg 768w, https:\/\/ropealchemy.com\/wp-content\/uploads\/2026\/01\/MIC1582-Edit-1536x1097.jpeg 1536w, https:\/\/ropealchemy.com\/wp-content\/uploads\/2026\/01\/MIC1582-Edit-600x429.jpeg 600w\" sizes=\"auto, (max-width: 2048px) 100vw, 2048px\" \/><span aria-hidden=\"true\" class=\"wp-block-cover__background has-background-dim-0 has-background-dim\"><\/span><div class=\"wp-block-cover__inner-container is-layout-constrained wp-block-cover-is-layout-constrained\">\n<h1 class=\"wp-block-heading has-text-align-center\">Shibari-fotografering<\/h1>\n\n\n\n<p class=\"has-text-align-center\">Konstn\u00e4rligt fotografi med fokus p\u00e5 form, estetik och n\u00e4rvaro.<\/p>\n\n\n\n<p class=\"has-text-align-center\">En samarbetsbaserad fotografering som utforskar rep som visuellt spr\u00e5k \u2013 grundad i samtycke, kommunikation och respekt.<\/p>\n<\/div><\/div>\n\n\n\n<div class=\"wp-block-group\"><div class=\"wp-block-group__inner-container is-layout-constrained wp-block-group-is-layout-constrained\">\n<p>Shibari-fotografering \u00e4r ett fotografiskt samarbete d\u00e4r rep, kropp och ljus m\u00f6ts som konstn\u00e4rliga element.&nbsp;<\/p>\n\n\n\n<p>Fokus ligger p\u00e5 att skapa starka, uttrycksfulla bilder \u2013 d\u00e4r form, sp\u00e4nning och emotionell n\u00e4rvaro utforskas genom shibari. Varje session \u00e4r unik och utformas genom dialog och samtycke, d\u00e4r vi i l\u00e5ngsam takt anpassar oss och svarar lyh\u00f6rt p\u00e5 det som uppst\u00e5r i stunden. Spontanitet och kreativitet \u00e4r viktiga h\u00f6rnstenar i v\u00e5rt arbete, och vi inkluderar dig, s\u00e5 mycket som du vill, i processen.<\/p>\n\n\n\n<p>Detta \u00e4r i f\u00f6rsta hand en fotografering, men en som inkluderar den intimitet och det ansvar som finns i shibariknyt.<\/p>\n\n\n\n<p>Sessionerna kan vara minimalistiska, mer avancerade, avslappnande eller intensiva, beroende p\u00e5 dina \u00f6nskem\u00e5l, erfarenheter och intentioner. Du beh\u00f6ver ingen tidigare erfarenhet av shibari \u2013 v\u00e4gledning \u00e4r alltid en del av processen.<\/p>\n\n\n\n<h2 class=\"wp-block-heading has-text-align-center\">Vad denna fotografering \u00e4r<\/h2>\n\n\n\n<ul class=\"wp-block-list\">\n<li>En konstn\u00e4rlig shibarifotografering med fokus p\u00e5 visuellt uttryck<\/li>\n\n\n\n<li>Tydlig kommunikation och samtycke genom hela sessionen<\/li>\n\n\n\n<li>V\u00e4gledning i reppositioner, \u00f6verg\u00e5ngar och tempo<\/li>\n\n\n\n<li>Omsorg om ljus, komposition och atmosf\u00e4r<\/li>\n\n\n\n<li>En lugn, privat och respektfull milj\u00f6<\/li>\n\n\n\n<li>Ingen prestationsstress \u2013 pauser och justeringar \u00e4r alltid v\u00e4lkomna<\/li>\n<\/ul>\n\n\n\n<div class=\"wp-block-group\"><div class=\"wp-block-group__inner-container is-layout-constrained wp-block-group-is-layout-constrained\">\n<p class=\"has-text-align-center\">Utvalda bilder fr\u00e5n shibari-fotograferingar.<\/p>\n\n\n\n<figure class=\"wp-block-gallery aligncenter has-nested-images columns-3 narrow-gallery wp-block-gallery-1 is-layout-flex wp-block-gallery-is-layout-flex\"><div class=\"wp-block-image is-style-default\">\n<figure class=\"aligncenter size-full\"><a href=\"https:\/\/ropealchemy.com\/wp-content\/uploads\/2026\/01\/MIC1798-Edit.jpg\" data-rel=\"lightbox-image-0\" data-rl_title=\"\" data-rl_caption=\"\" title=\"\"><img loading=\"lazy\" decoding=\"async\" width=\"2048\" height=\"1437\" data-id=\"3157\" src=\"https:\/\/ropealchemy.com\/wp-content\/uploads\/2026\/01\/MIC1798-Edit.jpg\" alt=\" mic1798 edit\" class=\"wp-image-3157\" title=\"Shibari-fotografering\" srcset=\"https:\/\/ropealchemy.com\/wp-content\/uploads\/2026\/01\/MIC1798-Edit.jpg 2048w, https:\/\/ropealchemy.com\/wp-content\/uploads\/2026\/01\/MIC1798-Edit-300x210.jpg 300w, https:\/\/ropealchemy.com\/wp-content\/uploads\/2026\/01\/MIC1798-Edit-1024x719.jpg 1024w, https:\/\/ropealchemy.com\/wp-content\/uploads\/2026\/01\/MIC1798-Edit-768x539.jpg 768w, https:\/\/ropealchemy.com\/wp-content\/uploads\/2026\/01\/MIC1798-Edit-1536x1078.jpg 1536w, https:\/\/ropealchemy.com\/wp-content\/uploads\/2026\/01\/MIC1798-Edit-600x421.jpg 600w\" sizes=\"auto, (max-width: 2048px) 100vw, 2048px\" \/><\/a><\/figure>\n<\/div>\n\n<div class=\"wp-block-image\">\n<figure class=\"aligncenter size-full\"><a href=\"https:\/\/ropealchemy.com\/wp-content\/uploads\/2026\/01\/MIC4324-Edit-scaled.jpg\" data-rel=\"lightbox-image-1\" data-rl_title=\"\" data-rl_caption=\"\" title=\"\"><img loading=\"lazy\" decoding=\"async\" width=\"2560\" height=\"1703\" data-id=\"2850\" src=\"https:\/\/ropealchemy.com\/wp-content\/uploads\/2026\/01\/MIC4324-Edit-scaled.jpg\" alt=\" mic4324 edit\" class=\"wp-image-2850\" title=\"Shibari-fotografering\" srcset=\"https:\/\/ropealchemy.com\/wp-content\/uploads\/2026\/01\/MIC4324-Edit-scaled.jpg 2560w, https:\/\/ropealchemy.com\/wp-content\/uploads\/2026\/01\/MIC4324-Edit-300x200.jpg 300w, https:\/\/ropealchemy.com\/wp-content\/uploads\/2026\/01\/MIC4324-Edit-1024x681.jpg 1024w, https:\/\/ropealchemy.com\/wp-content\/uploads\/2026\/01\/MIC4324-Edit-768x511.jpg 768w, https:\/\/ropealchemy.com\/wp-content\/uploads\/2026\/01\/MIC4324-Edit-1536x1022.jpg 1536w, https:\/\/ropealchemy.com\/wp-content\/uploads\/2026\/01\/MIC4324-Edit-2048x1363.jpg 2048w, https:\/\/ropealchemy.com\/wp-content\/uploads\/2026\/01\/MIC4324-Edit-600x399.jpg 600w\" sizes=\"auto, (max-width: 2560px) 100vw, 2560px\" \/><\/a><\/figure>\n<\/div>\n\n<div class=\"wp-block-image\">\n<figure class=\"aligncenter size-full\"><a href=\"https:\/\/ropealchemy.com\/wp-content\/uploads\/2026\/01\/MIC0223-Edit.jpg\" data-rel=\"lightbox-image-2\" data-rl_title=\"\" data-rl_caption=\"\" title=\"\"><img loading=\"lazy\" decoding=\"async\" width=\"1463\" height=\"2048\" data-id=\"3156\" src=\"https:\/\/ropealchemy.com\/wp-content\/uploads\/2026\/01\/MIC0223-Edit.jpg\" alt=\" mic0223 edit\" class=\"wp-image-3156\" title=\"Shibari-fotografering\" srcset=\"https:\/\/ropealchemy.com\/wp-content\/uploads\/2026\/01\/MIC0223-Edit.jpg 1463w, https:\/\/ropealchemy.com\/wp-content\/uploads\/2026\/01\/MIC0223-Edit-214x300.jpg 214w, https:\/\/ropealchemy.com\/wp-content\/uploads\/2026\/01\/MIC0223-Edit-732x1024.jpg 732w, https:\/\/ropealchemy.com\/wp-content\/uploads\/2026\/01\/MIC0223-Edit-768x1075.jpg 768w, https:\/\/ropealchemy.com\/wp-content\/uploads\/2026\/01\/MIC0223-Edit-1097x1536.jpg 1097w, https:\/\/ropealchemy.com\/wp-content\/uploads\/2026\/01\/MIC0223-Edit-600x840.jpg 600w\" sizes=\"auto, (max-width: 1463px) 100vw, 1463px\" \/><\/a><\/figure>\n<\/div><\/figure>\n\n\n\n<div style=\"height:7px\" aria-hidden=\"true\" class=\"wp-block-spacer\"><\/div>\n\n\n\n<div class=\"wp-block-buttons is-layout-flex wp-block-buttons-is-layout-flex\">\n<div class=\"wp-block-button\"><a class=\"wp-block-button__link wp-element-button\" href=\"https:\/\/ropealchemy.com\/sv\/galleries\/\">Gallerier<\/a><\/div>\n<\/div>\n<\/div><\/div>\n\n\n\n<h4 class=\"wp-block-heading has-text-align-left\">Intresserad av en shibari-fotografering?<\/h4>\n\n\n\n<p>Om du har fr\u00e5gor, id\u00e9er eller vill prata igenom m\u00f6jligheter innan du best\u00e4mmer dig \u00e4r du varmt v\u00e4lkommen att h\u00f6ra av dig. Varje fotografering b\u00f6rjar med ett samtal.<\/p>\n\n\n\n<div class=\"wp-block-buttons is-content-justification-center is-layout-flex wp-container-core-buttons-is-layout-16018d1d wp-block-buttons-is-layout-flex\">\n<div class=\"wp-block-button\"><a class=\"wp-block-button__link has-text-align-center wp-element-button\" href=\"https:\/\/ropealchemy.com\/sv\/contact\/\">Kontakta oss<\/a><\/div>\n<\/div>\n<\/div><\/div>\n<\/div><\/div>\n\n\n\n<p><\/p>","protected":false},"excerpt":{"rendered":"<p>Shibari Photoshoot is a photographic collaboration where rope, body and light come together as artistic elements.&nbsp; The focus is on creating strong, strikingly expressive images &#8211; exploring form, tension and emotional presence through shibari. Each session is shaped through dialogue and consent, with which we hold space to move slowly, adjust and respond to what &#8230; <a title=\"Shibari-fotografering\" class=\"read-more\" href=\"https:\/\/ropealchemy.com\/sv\/shibari-photoshoot\/\" aria-label=\"L\u00e4s mer om Shibari Photoshoot\">L\u00e4s mer<\/a><\/p>","protected":false},"author":1,"featured_media":0,"parent":0,"menu_order":0,"comment_status":"closed","ping_status":"closed","template":"","meta":{"footnotes":""},"class_list":["post-2792","page","type-page","status-publish"],"_hostinger_reach_plugin_has_subscription_block":false,"_hostinger_reach_plugin_is_elementor":false,"_links":{"self":[{"href":"https:\/\/ropealchemy.com\/sv\/wp-json\/wp\/v2\/pages\/2792","targetHints":{"allow":["GET"]}}],"collection":[{"href":"https:\/\/ropealchemy.com\/sv\/wp-json\/wp\/v2\/pages"}],"about":[{"href":"https:\/\/ropealchemy.com\/sv\/wp-json\/wp\/v2\/types\/page"}],"author":[{"embeddable":true,"href":"https:\/\/ropealchemy.com\/sv\/wp-json\/wp\/v2\/users\/1"}],"replies":[{"embeddable":true,"href":"https:\/\/ropealchemy.com\/sv\/wp-json\/wp\/v2\/comments?post=2792"}],"version-history":[{"count":42,"href":"https:\/\/ropealchemy.com\/sv\/wp-json\/wp\/v2\/pages\/2792\/revisions"}],"predecessor-version":[{"id":3320,"href":"https:\/\/ropealchemy.com\/sv\/wp-json\/wp\/v2\/pages\/2792\/revisions\/3320"}],"wp:attachment":[{"href":"https:\/\/ropealchemy.com\/sv\/wp-json\/wp\/v2\/media?parent=2792"}],"curies":[{"name":"wp","href":"https:\/\/api.w.org\/{rel}","templated":true}]}}