{"id":2738,"date":"2026-01-15T09:32:17","date_gmt":"2026-01-15T09:32:17","guid":{"rendered":"https:\/\/ropealchemy.com\/?page_id=2738"},"modified":"2026-02-10T13:27:27","modified_gmt":"2026-02-10T13:27:27","slug":"shibari-experience","status":"publish","type":"page","link":"https:\/\/ropealchemy.com\/sv\/shibari-experience\/","title":{"rendered":"Shibariupplevelse"},"content":{"rendered":"<div class=\"wp-block-group\"><div class=\"wp-block-group__inner-container is-layout-constrained wp-block-group-is-layout-constrained\">\n<div class=\"wp-block-cover alignwide\" style=\"min-height:532px;aspect-ratio:unset;\"><img loading=\"lazy\" decoding=\"async\" width=\"2048\" height=\"1579\" class=\"wp-block-cover__image-background wp-image-2742 size-full\" alt=\"img 6517\" src=\"https:\/\/ropealchemy.com\/wp-content\/uploads\/2026\/01\/IMG_6517.jpeg\" style=\"object-position:41% 26%\" data-object-fit=\"cover\" data-object-position=\"41% 26%\" title=\"Shibariupplevelse\" srcset=\"https:\/\/ropealchemy.com\/wp-content\/uploads\/2026\/01\/IMG_6517.jpeg 2048w, https:\/\/ropealchemy.com\/wp-content\/uploads\/2026\/01\/IMG_6517-300x231.jpeg 300w, https:\/\/ropealchemy.com\/wp-content\/uploads\/2026\/01\/IMG_6517-1024x790.jpeg 1024w, https:\/\/ropealchemy.com\/wp-content\/uploads\/2026\/01\/IMG_6517-768x592.jpeg 768w, https:\/\/ropealchemy.com\/wp-content\/uploads\/2026\/01\/IMG_6517-1536x1184.jpeg 1536w, https:\/\/ropealchemy.com\/wp-content\/uploads\/2026\/01\/IMG_6517-600x463.jpeg 600w\" sizes=\"auto, (max-width: 2048px) 100vw, 2048px\" \/><span aria-hidden=\"true\" class=\"wp-block-cover__background has-background-dim-0 has-background-dim\"><\/span><div class=\"wp-block-cover__inner-container is-layout-constrained wp-block-cover-is-layout-constrained\">\n<h1 class=\"wp-block-heading has-text-align-center\">Shibariupplevelse<\/h1>\n\n\n\n<p class=\"has-text-align-center\">En privat, samtyckesbaserad shibarisession med fokus p\u00e5 kontakt, tillit och f\u00f6rkroppsligad n\u00e4rvaro.<\/p>\n<\/div><\/div>\n\n\n\n<div class=\"wp-block-group\"><div class=\"wp-block-group__inner-container is-layout-constrained wp-block-group-is-layout-constrained\">\n<p>Shibari \u00e4r en upplevelse snarare \u00e4n en fotografering. Det \u00e4r en inbjudan att sakta ner, lyssna genom kroppen och utforska rep som ett spr\u00e5k f\u00f6r kontakt. Sessionerna formas i stunden \u2013 ibland stillsamma och meditativa, ibland intensiva eller utmanande \u2013 alltid grundade i kommunikation och tillit. Samtycke leder den scen vi skapar tillsammans.<\/p>\n\n\n\n<p>Denna upplevelse kan inkludera fotografering, men m\u00e5ste inte. Fokus ligger p\u00e5 n\u00e4rvaro, k\u00e4nslor och det gemensamma skapandet av en meningsfull session.<\/p>\n\n\n\n<h2 class=\"wp-block-heading has-text-align-center\">Vad denna upplevelse \u00e4r<\/h2>\n\n\n\n<ul class=\"wp-block-list\">\n<li>En guidad shibarisession anpassad efter din erfarenhetsniv\u00e5<\/li>\n\n\n\n<li>Tydlig kommunikation och samtycke<\/li>\n\n\n\n<li>En lugn, privat och respektfull milj\u00f6<\/li>\n\n\n\n<li>Sessioner kan vara mjuka, sensuella, intensiva eller utmanande \u2013 alltid f\u00f6rhandlade<\/li>\n\n\n\n<li>Ingen prestationspress, inga f\u00f6rv\u00e4ntningar p\u00e5 att \u201dposera\u201d<\/li>\n\n\n\n<li>Sessionerna \u00e4r privata och anpassas efter individuella gr\u00e4nser och behov<\/li>\n\n\n\n<li>Dina \u00f6nskem\u00e5l kring att utforska k\u00e4nslor, form eller dynamik st\u00e5r i centrum&nbsp;<\/li>\n<\/ul>\n\n\n\n<h4 class=\"wp-block-heading\">N\u00e5gra ord om intention<\/h4>\n\n\n\n<p>This is your moment to explore emotion or physicality with us while we hold space for you. We will gently guide you through a journey with a beginning, a&nbsp;middle&nbsp;and an end. We offer&nbsp;presence&nbsp;and genuine interest in you. We will be there for you in the following days to answer questions and give support, if necessary.&nbsp;<\/p>\n\n\n\n<div class=\"wp-block-group narrow-gallery\"><div class=\"wp-block-group__inner-container is-layout-constrained wp-block-group-is-layout-constrained\">\n<p class=\"has-text-align-center\">Utvalda \u00f6gonblick fr\u00e5n Shibariupplevelse.<\/p>\n\n\n\n<figure class=\"wp-block-gallery aligncenter has-nested-images columns-default wp-block-gallery-1 is-layout-flex wp-block-gallery-is-layout-flex\"><div class=\"wp-block-image\">\n<figure class=\"aligncenter size-full\"><a href=\"https:\/\/ropealchemy.com\/wp-content\/uploads\/2026\/01\/IMG_5392.jpeg\" data-rel=\"lightbox-image-0\" data-rl_title=\"\" data-rl_caption=\"\" title=\"\"><img loading=\"lazy\" decoding=\"async\" width=\"1463\" height=\"2048\" data-id=\"2766\" src=\"https:\/\/ropealchemy.com\/wp-content\/uploads\/2026\/01\/IMG_5392.jpeg\" alt=\"img 5392\" class=\"wp-image-2766\" title=\"Shibariupplevelse\" srcset=\"https:\/\/ropealchemy.com\/wp-content\/uploads\/2026\/01\/IMG_5392.jpeg 1463w, https:\/\/ropealchemy.com\/wp-content\/uploads\/2026\/01\/IMG_5392-214x300.jpeg 214w, https:\/\/ropealchemy.com\/wp-content\/uploads\/2026\/01\/IMG_5392-732x1024.jpeg 732w, https:\/\/ropealchemy.com\/wp-content\/uploads\/2026\/01\/IMG_5392-768x1075.jpeg 768w, https:\/\/ropealchemy.com\/wp-content\/uploads\/2026\/01\/IMG_5392-1097x1536.jpeg 1097w, https:\/\/ropealchemy.com\/wp-content\/uploads\/2026\/01\/IMG_5392-600x840.jpeg 600w\" sizes=\"auto, (max-width: 1463px) 100vw, 1463px\" \/><\/a><\/figure>\n<\/div>\n\n<div class=\"wp-block-image\">\n<figure class=\"aligncenter size-full\"><a href=\"https:\/\/ropealchemy.com\/wp-content\/uploads\/2026\/01\/MIC3746.jpeg\" data-rel=\"lightbox-image-1\" data-rl_title=\"\" data-rl_caption=\"\" title=\"\"><img loading=\"lazy\" decoding=\"async\" width=\"1463\" height=\"2048\" data-id=\"2761\" src=\"https:\/\/ropealchemy.com\/wp-content\/uploads\/2026\/01\/MIC3746.jpeg\" alt=\" mic3746\" class=\"wp-image-2761\" title=\"Shibariupplevelse\" srcset=\"https:\/\/ropealchemy.com\/wp-content\/uploads\/2026\/01\/MIC3746.jpeg 1463w, https:\/\/ropealchemy.com\/wp-content\/uploads\/2026\/01\/MIC3746-214x300.jpeg 214w, https:\/\/ropealchemy.com\/wp-content\/uploads\/2026\/01\/MIC3746-732x1024.jpeg 732w, https:\/\/ropealchemy.com\/wp-content\/uploads\/2026\/01\/MIC3746-768x1075.jpeg 768w, https:\/\/ropealchemy.com\/wp-content\/uploads\/2026\/01\/MIC3746-1097x1536.jpeg 1097w, https:\/\/ropealchemy.com\/wp-content\/uploads\/2026\/01\/MIC3746-600x840.jpeg 600w\" sizes=\"auto, (max-width: 1463px) 100vw, 1463px\" \/><\/a><\/figure>\n<\/div>\n\n<div class=\"wp-block-image\">\n<figure class=\"aligncenter size-full\"><a href=\"https:\/\/ropealchemy.com\/wp-content\/uploads\/2026\/01\/MIC1867-Edit.jpeg\" data-rel=\"lightbox-image-2\" data-rl_title=\"\" data-rl_caption=\"\" title=\"\"><img loading=\"lazy\" decoding=\"async\" width=\"1363\" height=\"2048\" data-id=\"2763\" src=\"https:\/\/ropealchemy.com\/wp-content\/uploads\/2026\/01\/MIC1867-Edit.jpeg\" alt=\" mic1867 edit\" class=\"wp-image-2763\" title=\"Shibariupplevelse\" srcset=\"https:\/\/ropealchemy.com\/wp-content\/uploads\/2026\/01\/MIC1867-Edit.jpeg 1363w, https:\/\/ropealchemy.com\/wp-content\/uploads\/2026\/01\/MIC1867-Edit-200x300.jpeg 200w, https:\/\/ropealchemy.com\/wp-content\/uploads\/2026\/01\/MIC1867-Edit-682x1024.jpeg 682w, https:\/\/ropealchemy.com\/wp-content\/uploads\/2026\/01\/MIC1867-Edit-768x1154.jpeg 768w, https:\/\/ropealchemy.com\/wp-content\/uploads\/2026\/01\/MIC1867-Edit-1022x1536.jpeg 1022w, https:\/\/ropealchemy.com\/wp-content\/uploads\/2026\/01\/MIC1867-Edit-600x902.jpeg 600w\" sizes=\"auto, (max-width: 1363px) 100vw, 1363px\" \/><\/a><\/figure>\n<\/div><\/figure>\n\n\n\n<div style=\"height:7px\" aria-hidden=\"true\" class=\"wp-block-spacer\"><\/div>\n\n\n\n<div class=\"wp-block-buttons is-layout-flex wp-block-buttons-is-layout-flex\">\n<div class=\"wp-block-button\"><a class=\"wp-block-button__link wp-element-button\" href=\"https:\/\/ropealchemy.com\/sv\/galleries\/\">Gallerier<\/a><\/div>\n<\/div>\n<\/div><\/div>\n\n\n\n<h4 class=\"wp-block-heading has-text-align-left\">Intresserad av att knyta tillsammans?<\/h4>\n\n\n\n<p>Om du \u00e4r nyfiken, os\u00e4ker eller vill prata innan du best\u00e4mmer dig \u00e4r du varmt v\u00e4lkommen att h\u00f6ra av dig. Varje session b\u00f6rjar med ett samtal.<\/p>\n\n\n\n<div class=\"wp-block-buttons is-content-justification-center is-layout-flex wp-container-core-buttons-is-layout-16018d1d wp-block-buttons-is-layout-flex\">\n<div class=\"wp-block-button\"><a class=\"wp-block-button__link has-text-align-center wp-element-button\" href=\"https:\/\/ropealchemy.com\/sv\/contact\/\">Kontakta oss<\/a><\/div>\n<\/div>\n<\/div><\/div>\n<\/div><\/div>","protected":false},"excerpt":{"rendered":"<p>Shibari is an experience rather than a photoshoot. It is an invitation to slow down, listen through the body, and explore rope as a language of connection. Sessions are shaped in the moment \u2014 sometimes quiet and meditative, sometimes intense or challenging \u2014 always grounded in communication, trust. Consent is guiding the scene we create &#8230; <a title=\"Shibariupplevelse\" class=\"read-more\" href=\"https:\/\/ropealchemy.com\/sv\/shibari-experience\/\" aria-label=\"L\u00e4s mer om Shibari Experience\">L\u00e4s mer<\/a><\/p>","protected":false},"author":1,"featured_media":0,"parent":0,"menu_order":0,"comment_status":"closed","ping_status":"closed","template":"","meta":{"footnotes":""},"class_list":["post-2738","page","type-page","status-publish"],"_hostinger_reach_plugin_has_subscription_block":false,"_hostinger_reach_plugin_is_elementor":false,"_links":{"self":[{"href":"https:\/\/ropealchemy.com\/sv\/wp-json\/wp\/v2\/pages\/2738","targetHints":{"allow":["GET"]}}],"collection":[{"href":"https:\/\/ropealchemy.com\/sv\/wp-json\/wp\/v2\/pages"}],"about":[{"href":"https:\/\/ropealchemy.com\/sv\/wp-json\/wp\/v2\/types\/page"}],"author":[{"embeddable":true,"href":"https:\/\/ropealchemy.com\/sv\/wp-json\/wp\/v2\/users\/1"}],"replies":[{"embeddable":true,"href":"https:\/\/ropealchemy.com\/sv\/wp-json\/wp\/v2\/comments?post=2738"}],"version-history":[{"count":56,"href":"https:\/\/ropealchemy.com\/sv\/wp-json\/wp\/v2\/pages\/2738\/revisions"}],"predecessor-version":[{"id":3322,"href":"https:\/\/ropealchemy.com\/sv\/wp-json\/wp\/v2\/pages\/2738\/revisions\/3322"}],"wp:attachment":[{"href":"https:\/\/ropealchemy.com\/sv\/wp-json\/wp\/v2\/media?parent=2738"}],"curies":[{"name":"wp","href":"https:\/\/api.w.org\/{rel}","templated":true}]}}