{"id":2602,"date":"2026-01-08T10:44:52","date_gmt":"2026-01-08T10:44:52","guid":{"rendered":"https:\/\/ropealchemy.com\/?page_id=2602"},"modified":"2026-01-26T15:39:33","modified_gmt":"2026-01-26T15:39:33","slug":"galleries","status":"publish","type":"page","link":"https:\/\/ropealchemy.com\/sv\/galleries\/","title":{"rendered":"Gallerier"},"content":{"rendered":"<div class=\"wp-block-group\"><div class=\"wp-block-group__inner-container is-layout-constrained wp-block-group-is-layout-constrained\">\n<h2 class=\"wp-block-heading\">Visual Exploration<\/h2>\n\n\n\n<p>Ett urval av bilder som utforskar rep, intimitet och n\u00e4rvaro.<\/p>\n\n\n\n<p>Varje galleri representerar olika aspekter av v\u00e5rt arbete.<\/p>\n\n\n\n<div class=\"wp-block-columns is-layout-flex wp-container-core-columns-is-layout-9d6595d7 wp-block-columns-is-layout-flex\">\n<div class=\"wp-block-column is-layout-flow wp-block-column-is-layout-flow\">\n<h2 class=\"wp-block-heading has-text-align-center\"><a href=\"https:\/\/ropealchemy.com\/sv\/gallery-shibari\/\" data-type=\"page\" data-id=\"3005\">Shibari<\/a><\/h2>\n\n\n\n<p>Rope as form, tension, and presence.<\/p>\n\n\n\n<figure class=\"wp-block-image size-large\"><img loading=\"lazy\" decoding=\"async\" width=\"732\" height=\"1024\" src=\"https:\/\/ropealchemy.com\/wp-content\/uploads\/2026\/01\/MIC4233-Edit-732x1024.jpeg\" alt=\" mic4233 edit\" class=\"wp-image-2952\" title=\"Gallerier\" srcset=\"https:\/\/ropealchemy.com\/wp-content\/uploads\/2026\/01\/MIC4233-Edit-732x1024.jpeg 732w, https:\/\/ropealchemy.com\/wp-content\/uploads\/2026\/01\/MIC4233-Edit-214x300.jpeg 214w, https:\/\/ropealchemy.com\/wp-content\/uploads\/2026\/01\/MIC4233-Edit-768x1075.jpeg 768w, https:\/\/ropealchemy.com\/wp-content\/uploads\/2026\/01\/MIC4233-Edit-1097x1536.jpeg 1097w, https:\/\/ropealchemy.com\/wp-content\/uploads\/2026\/01\/MIC4233-Edit-600x840.jpeg 600w, https:\/\/ropealchemy.com\/wp-content\/uploads\/2026\/01\/MIC4233-Edit.jpeg 1463w\" sizes=\"auto, (max-width: 732px) 100vw, 732px\" \/><\/figure>\n<\/div>\n\n\n\n<div class=\"wp-block-column is-layout-flow wp-block-column-is-layout-flow\">\n<h2 class=\"wp-block-heading has-text-align-center\"><a href=\"https:\/\/ropealchemy.com\/sv\/gallery-boudoir\/\" data-type=\"page\" data-id=\"3057\">Boudoir<\/a><\/h2>\n\n\n\n<p>Intima portr\u00e4tt som utforskar sj\u00e4lvuttryck och f\u00f6rkroppsligande.<\/p>\n\n\n\n<figure class=\"wp-block-image size-large\"><img loading=\"lazy\" decoding=\"async\" width=\"683\" height=\"1024\" src=\"https:\/\/ropealchemy.com\/wp-content\/uploads\/2026\/01\/MIC3186-Edit-683x1024.jpg\" alt=\" mic3186 edit\" class=\"wp-image-2897\" title=\"Gallerier\" srcset=\"https:\/\/ropealchemy.com\/wp-content\/uploads\/2026\/01\/MIC3186-Edit-683x1024.jpg 683w, https:\/\/ropealchemy.com\/wp-content\/uploads\/2026\/01\/MIC3186-Edit-200x300.jpg 200w, https:\/\/ropealchemy.com\/wp-content\/uploads\/2026\/01\/MIC3186-Edit-768x1152.jpg 768w, https:\/\/ropealchemy.com\/wp-content\/uploads\/2026\/01\/MIC3186-Edit-1024x1536.jpg 1024w, https:\/\/ropealchemy.com\/wp-content\/uploads\/2026\/01\/MIC3186-Edit-600x900.jpg 600w, https:\/\/ropealchemy.com\/wp-content\/uploads\/2026\/01\/MIC3186-Edit.jpg 1365w\" sizes=\"auto, (max-width: 683px) 100vw, 683px\" \/><\/figure>\n<\/div>\n\n\n\n<div class=\"wp-block-column is-layout-flow wp-block-column-is-layout-flow\">\n<h2 class=\"wp-block-heading has-text-align-center\"><a href=\"https:\/\/ropealchemy.com\/sv\/gallery-couples\/\" data-type=\"page\" data-id=\"3093\">Couples<\/a><\/h2>\n\n\n\n<p>Bilder av delad n\u00e4rvaro, kontakt och intimitet.<\/p>\n\n\n\n<figure class=\"wp-block-image size-large\"><img loading=\"lazy\" decoding=\"async\" width=\"985\" height=\"1024\" src=\"https:\/\/ropealchemy.com\/wp-content\/uploads\/2026\/01\/IMG_6561-985x1024.jpeg\" alt=\"img 6561\" class=\"wp-image-2880\" title=\"Gallerier\" srcset=\"https:\/\/ropealchemy.com\/wp-content\/uploads\/2026\/01\/IMG_6561-985x1024.jpeg 985w, https:\/\/ropealchemy.com\/wp-content\/uploads\/2026\/01\/IMG_6561-289x300.jpeg 289w, https:\/\/ropealchemy.com\/wp-content\/uploads\/2026\/01\/IMG_6561-768x798.jpeg 768w, https:\/\/ropealchemy.com\/wp-content\/uploads\/2026\/01\/IMG_6561-1478x1536.jpeg 1478w, https:\/\/ropealchemy.com\/wp-content\/uploads\/2026\/01\/IMG_6561-600x624.jpeg 600w, https:\/\/ropealchemy.com\/wp-content\/uploads\/2026\/01\/IMG_6561.jpeg 1970w\" sizes=\"auto, (max-width: 985px) 100vw, 985px\" \/><\/figure>\n<\/div>\n<\/div>\n\n\n\n<p>Gallerierna uppdateras \u00f6ver tid i takt med att arbetet utvecklas.<\/p>\n<\/div><\/div>\n\n\n\n<p><\/p>","protected":false},"excerpt":{"rendered":"<p>Visual Exploration A curated selection of images exploring rope, intimacy, and connection. Each gallery represents a different facet of our work. Shibari Rope as form, tension, and presence. Boudoir Intimate portraits exploring self-expression and embodiment. Couples Images of shared presence, connection, and intimacy. Galleries are updated over time as the work evolves.<\/p>","protected":false},"author":1,"featured_media":0,"parent":0,"menu_order":0,"comment_status":"closed","ping_status":"closed","template":"","meta":{"footnotes":""},"class_list":["post-2602","page","type-page","status-publish"],"_hostinger_reach_plugin_has_subscription_block":false,"_hostinger_reach_plugin_is_elementor":false,"_links":{"self":[{"href":"https:\/\/ropealchemy.com\/sv\/wp-json\/wp\/v2\/pages\/2602","targetHints":{"allow":["GET"]}}],"collection":[{"href":"https:\/\/ropealchemy.com\/sv\/wp-json\/wp\/v2\/pages"}],"about":[{"href":"https:\/\/ropealchemy.com\/sv\/wp-json\/wp\/v2\/types\/page"}],"author":[{"embeddable":true,"href":"https:\/\/ropealchemy.com\/sv\/wp-json\/wp\/v2\/users\/1"}],"replies":[{"embeddable":true,"href":"https:\/\/ropealchemy.com\/sv\/wp-json\/wp\/v2\/comments?post=2602"}],"version-history":[{"count":18,"href":"https:\/\/ropealchemy.com\/sv\/wp-json\/wp\/v2\/pages\/2602\/revisions"}],"predecessor-version":[{"id":3228,"href":"https:\/\/ropealchemy.com\/sv\/wp-json\/wp\/v2\/pages\/2602\/revisions\/3228"}],"wp:attachment":[{"href":"https:\/\/ropealchemy.com\/sv\/wp-json\/wp\/v2\/media?parent=2602"}],"curies":[{"name":"wp","href":"https:\/\/api.w.org\/{rel}","templated":true}]}}