{"id":2574,"date":"2025-12-19T07:50:27","date_gmt":"2025-12-19T07:50:27","guid":{"rendered":"https:\/\/ropealchemy.com\/?page_id=2574"},"modified":"2026-02-15T20:51:52","modified_gmt":"2026-02-15T20:51:52","slug":"2574-2","status":"publish","type":"page","link":"https:\/\/ropealchemy.com\/sv\/","title":{"rendered":"Home"},"content":{"rendered":"<div class=\"wp-block-group\"><div class=\"wp-block-group__inner-container is-layout-constrained wp-block-group-is-layout-constrained\"><div class=\"trp-block-container\"><div class=\"trp-shortcode-switcher__wrapper\"\r\n     style=\"--bg:#ffffff;--bg-hover:#0000000d;--text:#143852;--text-hover:#1d2327;--border:1px solid #1438521a;--border-width:1px;--border-color:#1438521a;--border-radius:5px;--flag-radius:2px;--flag-size:18px;--aspect-ratio:4\/3;--font-size:14px;--transition-duration:0.2s\"\r\n     role=\"group\"\r\n     data-open-mode=\"hover\">\r\n\r\n    \r\n        <!-- ANCHOR (in-flow only; sizing\/borders; inert) -->\r\n        <div class=\"trp-language-switcher trp-ls-dropdown trp-shortcode-switcher trp-shortcode-anchor trp-open-on-hover\"\r\n             aria-hidden=\"true\"\r\n             inert\r\n data-no-translation>\r\n                <div class=\"trp-current-language-item__wrapper\">\r\n        <a class=\"trp-language-item trp-language-item__default trp-language-item__current\" data-no-translation href=\"https:\/\/ropealchemy.com\/sv\/wp-json\/wp\/v2\/pages\/2574\" title=\"SV\"><img decoding=\"async\" src=\"https:\/\/ropealchemy.com\/wp-content\/plugins\/translatepress-multilingual\/assets\/flags\/4x3\/sv_SE.svg\" class=\"trp-flag-image\" alt=\"Sv SE\" role=\"presentation\" loading=\"lazy\" title=\"Home\"><span class=\"trp-language-item-name\">SV<\/span><\/a>                    <svg class=\"trp-shortcode-arrow\" width=\"20\" height=\"20\" viewbox=\"0 0 20 21\" fill=\"none\" aria-hidden=\"true\" focusable=\"false\" xmlns=\"http:\/\/www.w3.org\/2000\/svg\">\r\n                <path d=\"M5 8L10 13L15 8\" stroke=\"var(--text)\" stroke-width=\"2\" stroke-linecap=\"round\" stroke-linejoin=\"round\"\/>\r\n            <\/svg>\r\n            <\/div>\r\n            <\/div>\r\n\r\n        <!-- OVERLAY (positioned; interactive surface) -->\r\n        <div class=\"trp-language-switcher trp-ls-dropdown trp-shortcode-switcher trp-shortcode-overlay trp-open-on-hover\"\r\n             role=\"navigation\"\r\n             aria-label=\"Website language selector\"\r\n             data-no-translation\r\n>\r\n                <div class=\"trp-current-language-item__wrapper\">\r\n        <div class=\"trp-language-item trp-language-item__default trp-language-item__current\" data-no-translation role=\"button\" aria-expanded=\"false\" tabindex=\"0\" aria-label=\"Change language\" aria-controls=\"trp-shortcode-dropdown-69d9b7cb2e3b2\"><img decoding=\"async\" src=\"https:\/\/ropealchemy.com\/wp-content\/plugins\/translatepress-multilingual\/assets\/flags\/4x3\/sv_SE.svg\" class=\"trp-flag-image\" alt=\"Sv SE\" role=\"presentation\" loading=\"lazy\" title=\"Home\"><span class=\"trp-language-item-name\">SV<\/span><\/div>                    <svg class=\"trp-shortcode-arrow\" width=\"20\" height=\"20\" viewbox=\"0 0 20 21\" fill=\"none\" aria-hidden=\"true\" focusable=\"false\" xmlns=\"http:\/\/www.w3.org\/2000\/svg\">\r\n                <path d=\"M5 8L10 13L15 8\" stroke=\"var(--text)\" stroke-width=\"2\" stroke-linecap=\"round\" stroke-linejoin=\"round\"\/>\r\n            <\/svg>\r\n            <\/div>\r\n    \r\n            <div class=\"trp-switcher-dropdown-list\"\r\n                 id=\"trp-shortcode-dropdown-69d9b7cb2e3b2\"\r\n                 role=\"group\"\r\n                 aria-label=\"Available languages\"\r\n                 hidden\r\n inert\r\n>\r\n                                                            <a class=\"trp-language-item\" href=\"https:\/\/ropealchemy.com\/sv\/wp-json\/wp\/v2\/pages\/2574\" title=\"EN\">\r\n                            <img decoding=\"async\" src=\"https:\/\/ropealchemy.com\/wp-content\/plugins\/translatepress-multilingual\/assets\/flags\/4x3\/en_US.svg\" class=\"trp-flag-image\" alt=\"En US\" role=\"presentation\" loading=\"lazy\" title=\"Home\">                                                            <span class=\"trp-language-item-name\" data-no-translation>EN<\/span>\r\n                                                                                <\/a>\r\n                                                <\/div>\r\n        <\/div>\r\n\r\n    <\/div>\r\n<\/div>\n\n\n<div class=\"wp-block-cover aligncenter has-custom-content-position is-position-top-center hero-cover\" style=\"min-height:100vh;aspect-ratio:unset;\"><img loading=\"lazy\" decoding=\"async\" width=\"2048\" height=\"1362\" class=\"wp-block-cover__image-background wp-image-2632 size-full\" alt=\" mic9143 edit\" src=\"https:\/\/ropealchemy.com\/wp-content\/uploads\/2026\/01\/MIC9143-Edit.jpg\" style=\"object-position:48% 72%\" data-object-fit=\"cover\" data-object-position=\"48% 72%\" title=\"Home\" srcset=\"https:\/\/ropealchemy.com\/wp-content\/uploads\/2026\/01\/MIC9143-Edit.jpg 2048w, https:\/\/ropealchemy.com\/wp-content\/uploads\/2026\/01\/MIC9143-Edit-300x200.jpg 300w, https:\/\/ropealchemy.com\/wp-content\/uploads\/2026\/01\/MIC9143-Edit-1024x681.jpg 1024w, https:\/\/ropealchemy.com\/wp-content\/uploads\/2026\/01\/MIC9143-Edit-768x511.jpg 768w, https:\/\/ropealchemy.com\/wp-content\/uploads\/2026\/01\/MIC9143-Edit-1536x1022.jpg 1536w, https:\/\/ropealchemy.com\/wp-content\/uploads\/2026\/01\/MIC9143-Edit-600x399.jpg 600w\" sizes=\"auto, (max-width: 2048px) 100vw, 2048px\" \/><span aria-hidden=\"true\" class=\"wp-block-cover__background has-contrast-2-background-color has-background-dim-30 has-background-dim\"><\/span><div class=\"wp-block-cover__inner-container is-layout-constrained wp-block-cover-is-layout-constrained\">\n<blockquote class=\"wp-block-quote is-layout-flow wp-block-quote-is-layout-flow\">\n<h1 class=\"wp-block-heading has-text-align-center has-base-3-color has-text-color has-link-color wp-elements-c4b6a740dc6b67f6bcc175be4a48951c\">Rope Alchemy<\/h1>\n\n\n\n<p class=\"has-text-align-center has-base-3-color has-text-color has-link-color wp-elements-3d2ab6580486452c04efc834ddcfd56c\">Capturing the moments of true connection<\/p>\n<\/blockquote>\n<\/div><\/div>\n<\/div><\/div>\n\n\n\n<div class=\"wp-block-group alignfull\"><div class=\"wp-block-group__inner-container is-layout-constrained wp-block-group-is-layout-constrained\">\n<h2 class=\"wp-block-heading has-text-align-center\">Fotografi- &amp; Shibaristudio<\/h2>\n\n\n\n<p class=\"has-text-align-center\">Rope Alchemy \u00e4r en foto- och shibaristudio som ligger i \u00d6rebro. Vi utforskar rep som somatisk praktik, m\u00f6tesplats och autentiskt uttryck. V\u00e5rt arbete sp\u00e4nner \u00f6ver fotografi med konstn\u00e4rligt uttryck, sessioner och guidade shibariupplevelser \u2013 alltid v\u00e4l grundat i samtycke, tydlig kommunikation och respektfullt bem\u00f6tande.<\/p>\n\n\n\n<div class=\"wp-block-group alignfull\"><div class=\"wp-block-group__inner-container is-layout-constrained wp-block-group-is-layout-constrained\">\n<h2 class=\"wp-block-heading has-text-align-center\">Tj\u00e4nster<\/h2>\n\n\n\n<div class=\"wp-block-columns has-background is-layout-flex wp-container-core-columns-is-layout-9d6595d7 wp-block-columns-is-layout-flex\" style=\"background-color:#f3efe9\">\n<div class=\"wp-block-column is-layout-flow wp-block-column-is-layout-flow\">\n<figure class=\"wp-block-image size-full\"><img loading=\"lazy\" decoding=\"async\" width=\"1463\" height=\"2048\" src=\"https:\/\/ropealchemy.com\/wp-content\/uploads\/2026\/01\/IMG_5427.jpeg\" alt=\"img 5427\" class=\"wp-image-3055\" title=\"Home\" srcset=\"https:\/\/ropealchemy.com\/wp-content\/uploads\/2026\/01\/IMG_5427.jpeg 1463w, https:\/\/ropealchemy.com\/wp-content\/uploads\/2026\/01\/IMG_5427-214x300.jpeg 214w, https:\/\/ropealchemy.com\/wp-content\/uploads\/2026\/01\/IMG_5427-732x1024.jpeg 732w, https:\/\/ropealchemy.com\/wp-content\/uploads\/2026\/01\/IMG_5427-768x1075.jpeg 768w, https:\/\/ropealchemy.com\/wp-content\/uploads\/2026\/01\/IMG_5427-1097x1536.jpeg 1097w, https:\/\/ropealchemy.com\/wp-content\/uploads\/2026\/01\/IMG_5427-600x840.jpeg 600w\" sizes=\"auto, (max-width: 1463px) 100vw, 1463px\" \/><\/figure>\n\n\n\n<h6 class=\"wp-block-heading has-text-align-center\"><a href=\"https:\/\/ropealchemy.com\/sv\/shibari-photoshoot\/\" data-type=\"page\" data-id=\"2792\">Shibari-fotografering<\/a><\/h6>\n\n\n\n<p>Konstn\u00e4rligt fotografi med fokus p\u00e5 form, estetik och n\u00e4rvaro. Varje session \u00e4r ett samarbete. Respektfullt och v\u00e4glett av samtycke med fokus p\u00e5 utforskande av upplevelsen.<\/p>\n<\/div>\n\n\n\n<div class=\"wp-block-column is-layout-flow wp-block-column-is-layout-flow\">\n<figure class=\"wp-block-image size-full\"><img loading=\"lazy\" decoding=\"async\" width=\"1746\" height=\"2048\" src=\"https:\/\/ropealchemy.com\/wp-content\/uploads\/2026\/01\/IMG_5423.jpeg\" alt=\"img 5423\" class=\"wp-image-3051\" title=\"Home\" srcset=\"https:\/\/ropealchemy.com\/wp-content\/uploads\/2026\/01\/IMG_5423.jpeg 1746w, https:\/\/ropealchemy.com\/wp-content\/uploads\/2026\/01\/IMG_5423-256x300.jpeg 256w, https:\/\/ropealchemy.com\/wp-content\/uploads\/2026\/01\/IMG_5423-873x1024.jpeg 873w, https:\/\/ropealchemy.com\/wp-content\/uploads\/2026\/01\/IMG_5423-768x901.jpeg 768w, https:\/\/ropealchemy.com\/wp-content\/uploads\/2026\/01\/IMG_5423-1310x1536.jpeg 1310w, https:\/\/ropealchemy.com\/wp-content\/uploads\/2026\/01\/IMG_5423-600x704.jpeg 600w\" sizes=\"auto, (max-width: 1746px) 100vw, 1746px\" \/><\/figure>\n\n\n\n<h6 class=\"wp-block-heading has-text-align-center\"><a href=\"https:\/\/ropealchemy.com\/sv\/shibari-couples\/\" data-type=\"page\" data-id=\"2905\">Shibari f\u00f6r par<\/a><\/h6>\n\n\n\n<p>Fotografering f\u00f6r par som vill utforska kontakt, tillit och intimitet. Vi hj\u00e4lper er att f\u00e5nga essensen av er relation. Sessionerna kan inkludera rep och\/eller naket \u2013 alltid med lyh\u00f6rdhet, empati och ett inkluderande f\u00f6rh\u00e5llningss\u00e4tt.<\/p>\n<\/div>\n\n\n\n<div class=\"wp-block-column is-layout-flow wp-block-column-is-layout-flow\">\n<figure class=\"wp-block-image size-full is-style-default\"><img loading=\"lazy\" decoding=\"async\" width=\"1365\" height=\"2048\" src=\"https:\/\/ropealchemy.com\/wp-content\/uploads\/2026\/01\/IMG_5425.jpeg\" alt=\"img 5425\" class=\"wp-image-3053\" title=\"Home\" srcset=\"https:\/\/ropealchemy.com\/wp-content\/uploads\/2026\/01\/IMG_5425.jpeg 1365w, https:\/\/ropealchemy.com\/wp-content\/uploads\/2026\/01\/IMG_5425-200x300.jpeg 200w, https:\/\/ropealchemy.com\/wp-content\/uploads\/2026\/01\/IMG_5425-683x1024.jpeg 683w, https:\/\/ropealchemy.com\/wp-content\/uploads\/2026\/01\/IMG_5425-768x1152.jpeg 768w, https:\/\/ropealchemy.com\/wp-content\/uploads\/2026\/01\/IMG_5425-1024x1536.jpeg 1024w, https:\/\/ropealchemy.com\/wp-content\/uploads\/2026\/01\/IMG_5425-600x900.jpeg 600w\" sizes=\"auto, (max-width: 1365px) 100vw, 1365px\" \/><\/figure>\n\n\n\n<h6 class=\"wp-block-heading has-text-align-center\"><a href=\"https:\/\/ropealchemy.com\/sv\/boudoir\/\" data-type=\"page\" data-id=\"2877\">Boudoirfotografering<\/a><\/h6>\n\n\n\n<p>En varm och lekfull fotografering som utforskar sj\u00e4lvuttryck, kroppspositivitet och styrkan i s\u00e5rbarhet. Vi skapar en lugn och trygg milj\u00f6 d\u00e4r vi f\u00e5ngar essensen av vad du vill f\u00f6rmedla.<\/p>\n<\/div>\n\n\n\n<div class=\"wp-block-column is-layout-flow wp-block-column-is-layout-flow\">\n<figure class=\"wp-block-gallery has-nested-images columns-default is-cropped wp-block-gallery-1 is-layout-flex wp-block-gallery-is-layout-flex\">\n<figure class=\"wp-block-image size-large\"><img loading=\"lazy\" decoding=\"async\" width=\"732\" height=\"1024\" data-id=\"3078\" src=\"https:\/\/ropealchemy.com\/wp-content\/uploads\/2026\/01\/IMG_5431-732x1024.jpeg\" alt=\"img 5431\" class=\"wp-image-3078\" title=\"Home\" srcset=\"https:\/\/ropealchemy.com\/wp-content\/uploads\/2026\/01\/IMG_5431-732x1024.jpeg 732w, https:\/\/ropealchemy.com\/wp-content\/uploads\/2026\/01\/IMG_5431-214x300.jpeg 214w, https:\/\/ropealchemy.com\/wp-content\/uploads\/2026\/01\/IMG_5431-768x1075.jpeg 768w, https:\/\/ropealchemy.com\/wp-content\/uploads\/2026\/01\/IMG_5431-1097x1536.jpeg 1097w, https:\/\/ropealchemy.com\/wp-content\/uploads\/2026\/01\/IMG_5431-600x840.jpeg 600w, https:\/\/ropealchemy.com\/wp-content\/uploads\/2026\/01\/IMG_5431.jpeg 1463w\" sizes=\"auto, (max-width: 732px) 100vw, 732px\" \/><\/figure>\n<\/figure>\n\n\n\n<h6 class=\"wp-block-heading has-text-align-center\"><a href=\"https:\/\/ropealchemy.com\/sv\/shibari-experience\/\" data-type=\"page\" data-id=\"2738\">Guidad shibariupplevelse<\/a><\/h6>\n\n\n\n<p>En guidad shibariupplevelse med fokus p\u00e5 kontakt, tillit och f\u00f6rkroppsligad n\u00e4rvaro. Sessionerna leds med lugn och fokus p\u00e5 samtycke och tillit \u2013 alltid i din takt och med respekt f\u00f6r dina gr\u00e4nser.&nbsp;<\/p>\n<\/div>\n<\/div>\n\n\n\n<div class=\"wp-block-buttons is-content-justification-center is-layout-flex wp-container-core-buttons-is-layout-16018d1d wp-block-buttons-is-layout-flex\">\n<div class=\"wp-block-button is-style-outline is-style-outline--2\"><a class=\"wp-block-button__link wp-element-button\" href=\"https:\/\/ropealchemy.com\/sv\/services\/\" style=\"border-top-left-radius:33px;border-top-right-radius:33px;border-bottom-left-radius:33px;border-bottom-right-radius:33px\">Alla v\u00e5ra tj\u00e4nster<\/a><\/div>\n<\/div>\n<\/div><\/div>\n<\/div><\/div>","protected":false},"excerpt":{"rendered":"<p>Photography &amp; Shibari Studio Rope Alchemy is a photography and shibari studio based in \u00d6rebro, Sweden. We are exploring rope as a somatic practice, meeting ground, and authentic expression. Our work spans artistic photography, sessions, and guided shibari experiences\u2014always grounded in consent, communication, and respect. Offerings Shibari Photoshoot Artistic photography focused on form, aesthetics, and &#8230; <a title=\"Home\" class=\"read-more\" href=\"https:\/\/ropealchemy.com\/sv\/\" aria-label=\"L\u00e4s mer om Home\">L\u00e4s mer<\/a><\/p>","protected":false},"author":1,"featured_media":0,"parent":0,"menu_order":0,"comment_status":"closed","ping_status":"closed","template":"","meta":{"footnotes":""},"class_list":["post-2574","page","type-page","status-publish"],"_hostinger_reach_plugin_has_subscription_block":false,"_hostinger_reach_plugin_is_elementor":false,"_links":{"self":[{"href":"https:\/\/ropealchemy.com\/sv\/wp-json\/wp\/v2\/pages\/2574","targetHints":{"allow":["GET"]}}],"collection":[{"href":"https:\/\/ropealchemy.com\/sv\/wp-json\/wp\/v2\/pages"}],"about":[{"href":"https:\/\/ropealchemy.com\/sv\/wp-json\/wp\/v2\/types\/page"}],"author":[{"embeddable":true,"href":"https:\/\/ropealchemy.com\/sv\/wp-json\/wp\/v2\/users\/1"}],"replies":[{"embeddable":true,"href":"https:\/\/ropealchemy.com\/sv\/wp-json\/wp\/v2\/comments?post=2574"}],"version-history":[{"count":107,"href":"https:\/\/ropealchemy.com\/sv\/wp-json\/wp\/v2\/pages\/2574\/revisions"}],"predecessor-version":[{"id":3336,"href":"https:\/\/ropealchemy.com\/sv\/wp-json\/wp\/v2\/pages\/2574\/revisions\/3336"}],"wp:attachment":[{"href":"https:\/\/ropealchemy.com\/sv\/wp-json\/wp\/v2\/media?parent=2574"}],"curies":[{"name":"wp","href":"https:\/\/api.w.org\/{rel}","templated":true}]}}